{"id":8748,"date":"2015-12-01T15:12:56","date_gmt":"2015-12-01T15:12:56","guid":{"rendered":"http:\/\/mall.cmsmasters.net\/?page_id=8748"},"modified":"2020-01-10T11:50:38","modified_gmt":"2020-01-10T11:50:38","slug":"tchibo","status":"publish","type":"page","link":"https:\/\/www.bahnhof-center.at\/index.php\/tchibo\/","title":{"rendered":"Tchibo"},"content":{"rendered":"<style type=\"text\/css\"> \n#cmsmasters_row_69e1d59ee2be37_09208901 .cmsmasters_row_outer_parent { \n\tpadding-top: 50px; \n} \n\n#cmsmasters_row_69e1d59ee2be37_09208901 .cmsmasters_row_outer_parent { \n\tpadding-bottom: 55px; \n} \n\n \n#cmsmasters_heading_69e1d59ee33fe9_66542729 { \n\ttext-align:left; \n\tmargin-top:30px; \n\tmargin-bottom:10px; \n} \n\n#cmsmasters_heading_69e1d59ee33fe9_66542729 .cmsmasters_heading { \n\ttext-align:left; \n} \n\n#cmsmasters_heading_69e1d59ee33fe9_66542729 .cmsmasters_heading, #cmsmasters_heading_69e1d59ee33fe9_66542729 .cmsmasters_heading a { \n\tfont-weight:700; \n\tfont-style:normal; \n} \n\n#cmsmasters_heading_69e1d59ee33fe9_66542729 .cmsmasters_heading_divider { \n} \n\n \n#cmsmasters_heading_69e1d59ee34781_48834301 { \n\ttext-align:left; \n\tmargin-top:0px; \n\tmargin-bottom:30px; \n} \n\n#cmsmasters_heading_69e1d59ee34781_48834301 .cmsmasters_heading { \n\ttext-align:left; \n} \n\n#cmsmasters_heading_69e1d59ee34781_48834301 .cmsmasters_heading, #cmsmasters_heading_69e1d59ee34781_48834301 .cmsmasters_heading a { \n\tfont-weight:700; \n\tfont-style:normal; \n} \n\n#cmsmasters_heading_69e1d59ee34781_48834301 .cmsmasters_heading_divider { \n} \n\n \n#cmsmasters_heading_69e1d59ee34e77_20984788 { \n\ttext-align:left; \n\tmargin-top:0px; \n\tmargin-bottom:10px; \n} \n\n#cmsmasters_heading_69e1d59ee34e77_20984788 .cmsmasters_heading { \n\ttext-align:left; \n} \n\n#cmsmasters_heading_69e1d59ee34e77_20984788 .cmsmasters_heading, #cmsmasters_heading_69e1d59ee34e77_20984788 .cmsmasters_heading a { \n\tfont-weight:700; \n\tfont-style:normal; \n} \n\n#cmsmasters_heading_69e1d59ee34e77_20984788 .cmsmasters_heading_divider { \n} \n\n \n#cmsmasters_heading_69e1d59ee355b9_10931889 { \n\ttext-align:left; \n\tmargin-top:0px; \n\tmargin-bottom:30px; \n} \n\n#cmsmasters_heading_69e1d59ee355b9_10931889 .cmsmasters_heading { \n\ttext-align:left; \n} \n\n#cmsmasters_heading_69e1d59ee355b9_10931889 .cmsmasters_heading, #cmsmasters_heading_69e1d59ee355b9_10931889 .cmsmasters_heading a { \n\tfont-weight:700; \n\tfont-style:normal; \n} \n\n#cmsmasters_heading_69e1d59ee355b9_10931889 .cmsmasters_heading_divider { \n} \n\n \n#cmsmasters_heading_69e1d59ee35c59_30260359 { \n\ttext-align:left; \n\tmargin-top:0px; \n\tmargin-bottom:10px; \n} \n\n#cmsmasters_heading_69e1d59ee35c59_30260359 .cmsmasters_heading { \n\ttext-align:left; \n} \n\n#cmsmasters_heading_69e1d59ee35c59_30260359 .cmsmasters_heading, #cmsmasters_heading_69e1d59ee35c59_30260359 .cmsmasters_heading a { \n\tfont-weight:700; \n\tfont-style:normal; \n} \n\n#cmsmasters_heading_69e1d59ee35c59_30260359 .cmsmasters_heading_divider { \n} \n\n \n#cmsmasters_heading_69e1d59ee36312_72519975 { \n\ttext-align:left; \n\tmargin-top:0px; \n\tmargin-bottom:50px; \n} \n\n#cmsmasters_heading_69e1d59ee36312_72519975 .cmsmasters_heading { \n\ttext-align:left; \n} \n\n#cmsmasters_heading_69e1d59ee36312_72519975 .cmsmasters_heading, #cmsmasters_heading_69e1d59ee36312_72519975 .cmsmasters_heading a { \n\tfont-weight:700; \n\tfont-style:normal; \n} \n\n#cmsmasters_heading_69e1d59ee36312_72519975 .cmsmasters_heading_divider { \n} \n\n \n#cmsmasters_heading_69e1d59ee398f8_64796354 { \n\ttext-align:left; \n\tmargin-top:0px; \n\tmargin-bottom:20px; \n} \n\n#cmsmasters_heading_69e1d59ee398f8_64796354 .cmsmasters_heading { \n\ttext-align:left; \n} \n\n#cmsmasters_heading_69e1d59ee398f8_64796354 .cmsmasters_heading, #cmsmasters_heading_69e1d59ee398f8_64796354 .cmsmasters_heading a { \n\tfont-weight:700; \n\tfont-style:normal; \n} \n\n#cmsmasters_heading_69e1d59ee398f8_64796354 .cmsmasters_heading_divider { \n} \n\n \n#cmsmasters_divider_69e1d59ee3a113_10104103 { \n\tborder-bottom-width:1px; \n\tborder-bottom-style:solid; \n\tpadding-top:0px; \n\tmargin-bottom:30px; \n} \n \n#cmsmasters_divider_69e1d59ee3ad08_55987412 { \n\tborder-bottom-width:0px; \n\tborder-bottom-style:solid; \n\tpadding-top:0px; \n\tmargin-bottom:20px; \n} \n\r\n\t\t\t\t#cmsmasters_gallery_69e1d59ee3b451_34615104 .cmsmasters_gallery {\r\n\t\t\t\t\tmargin:0 0 0 -15px;\r\n\t\t\t\t}\r\n\t\t\t\t\r\n\t\t\t\t#cmsmasters_gallery_69e1d59ee3b451_34615104 .cmsmasters_gallery .cmsmasters_gallery_item {\r\n\t\t\t\t\tpadding:0 0 15px 15px;\r\n\t\t\t\t}\r\n\t\t\t<\/style><div id=\"cmsmasters_row_69e1d59ee2be37_09208901\" class=\"cmsmasters_row cmsmasters_color_scheme_default cmsmasters_row_top_default cmsmasters_row_bot_default cmsmasters_row_boxed\">\n<div class=\"cmsmasters_row_outer_parent\">\n<div class=\"cmsmasters_row_outer\">\n<div class=\"cmsmasters_row_inner\">\n<div class=\"cmsmasters_row_margin\">\n<div class=\"cmsmasters_column one_fourth\">\n<div class=\"cmsmasters_img  cmsmasters_image_n\">\n<img decoding=\"async\" src=\"https:\/\/www.bahnhof-center.at\/wp-content\/uploads\/2020\/01\/Logo_Tchibo_BehnhofCenter.png\" \/>\n<\/div>\n\n<div id=\"cmsmasters_heading_69e1d59ee33fe9_66542729\" class=\"cmsmasters_heading_wrap cmsmasters_heading_align_left\">\n\t<h3 class=\"cmsmasters_heading\">\u00d6ffnungszeiten:<\/h3>\n<\/div>\n<div id=\"cmsmasters_heading_69e1d59ee34781_48834301\" class=\"cmsmasters_heading_wrap cmsmasters_heading_align_left\">\n\t<h5 class=\"cmsmasters_heading\">Mo-Fr 07:00-20:00 und Sa 09:00-16:00<\/h5>\n<\/div>\n<div id=\"cmsmasters_heading_69e1d59ee34e77_20984788\" class=\"cmsmasters_heading_wrap cmsmasters_heading_align_left\">\n\t<h3 class=\"cmsmasters_heading\">Kontakt:<\/h3>\n<\/div>\n<div id=\"cmsmasters_heading_69e1d59ee355b9_10931889\" class=\"cmsmasters_heading_wrap cmsmasters_heading_align_left\">\n\t<h5 class=\"cmsmasters_heading\">+ 43 <\/h5>\n<\/div>\n<div id=\"cmsmasters_heading_69e1d59ee35c59_30260359\" class=\"cmsmasters_heading_wrap cmsmasters_heading_align_left\">\n\t<h3 class=\"cmsmasters_heading\">Website:<\/h3>\n<\/div>\n<div id=\"cmsmasters_heading_69e1d59ee36312_72519975\" class=\"cmsmasters_heading_wrap cmsmasters_heading_align_left\">\n\t<h5 class=\"cmsmasters_heading\"><a href=\"#\">www.eduscho.at<\/a><\/h5>\n<\/div>\n<\/div>\n<div class=\"cmsmasters_column three_fourth\">\n\n<div id=\"cmsmasters_heading_69e1d59ee398f8_64796354\" class=\"cmsmasters_heading_wrap cmsmasters_heading_align_left\">\n\t<h1 class=\"cmsmasters_heading\">TCHIBO &#8211; Eduscho<\/h1>\n<\/div>\n\n<div id=\"cmsmasters_divider_69e1d59ee3a113_10104103\" class=\"cmsmasters_divider cmsmasters_divider_width_long cmsmasters_divider_pos_center\"><\/div>\n<div class=\"cmsmasters_text\">\n<p>TCHIBO am Bahnhof Linz &#8211; vereint\u00a0 Kaffeegenuss und Shoppingerlebnis!<\/p>\n<p>Genie\u00dfen Sie eine gute Tasse Kaffee in gewohnter Eduscho Qualit\u00e4t direkt unter der Rolltreppe. Ein eigener, erh\u00f6hter Bereich sorgt f\u00fcr eine gem\u00fctliche Atmosph\u00e4re zum Unterhalten, Entspannen oder Schm\u00f6kern. Der Eingang zum Gesch\u00e4ft befindet sich gleich gegen\u00fcber. Dort finden Sie ein breites Sortiment aus den aktuellen Angeboten.<\/p>\n<p>&nbsp;<\/p>\n<\/div>\n\n<div id=\"cmsmasters_divider_69e1d59ee3ad08_55987412\" class=\"cl\"><\/div>\n<div id=\"cmsmasters_gallery_69e1d59ee3b451_34615104\" class=\"cmsmasters_gallery_wrap\"><ul class=\"cmsmasters_gallery cmsmasters_3 cmsmasters_more_items_loader\"><li class=\"cmsmasters_gallery_item\"><figure><a href=\"https:\/\/www.bahnhof-center.at\/wp-content\/uploads\/2020\/01\/image_classic_jpg-1.jpg\" rel=\"ilightbox[69e1d59ee3b451_34615104]\"><img loading=\"lazy\" decoding=\"async\" width=\"488\" height=\"287\" src=\"https:\/\/www.bahnhof-center.at\/wp-content\/uploads\/2020\/01\/image_classic_jpg-1.jpg\" class=\"attachment-blog-masonry-thumb size-blog-masonry-thumb\" alt=\"\" srcset=\"https:\/\/www.bahnhof-center.at\/wp-content\/uploads\/2020\/01\/image_classic_jpg-1.jpg 488w, https:\/\/www.bahnhof-center.at\/wp-content\/uploads\/2020\/01\/image_classic_jpg-1-300x176.jpg 300w\" sizes=\"(max-width: 488px) 100vw, 488px\" \/><\/a><\/figure><\/li><li class=\"cmsmasters_gallery_item\"><figure><a href=\"https:\/\/www.bahnhof-center.at\/wp-content\/uploads\/2020\/01\/image_classic_jpg-2.jpg\" rel=\"ilightbox[69e1d59ee3b451_34615104]\"><img loading=\"lazy\" decoding=\"async\" width=\"488\" height=\"287\" src=\"https:\/\/www.bahnhof-center.at\/wp-content\/uploads\/2020\/01\/image_classic_jpg-2.jpg\" class=\"attachment-blog-masonry-thumb size-blog-masonry-thumb\" alt=\"\" srcset=\"https:\/\/www.bahnhof-center.at\/wp-content\/uploads\/2020\/01\/image_classic_jpg-2.jpg 488w, https:\/\/www.bahnhof-center.at\/wp-content\/uploads\/2020\/01\/image_classic_jpg-2-300x176.jpg 300w\" sizes=\"(max-width: 488px) 100vw, 488px\" \/><\/a><\/figure><\/li><li class=\"cmsmasters_gallery_item\"><figure><a href=\"https:\/\/www.bahnhof-center.at\/wp-content\/uploads\/2020\/01\/image_classic_jpg.jpg\" rel=\"ilightbox[69e1d59ee3b451_34615104]\"><img loading=\"lazy\" decoding=\"async\" width=\"488\" height=\"287\" src=\"https:\/\/www.bahnhof-center.at\/wp-content\/uploads\/2020\/01\/image_classic_jpg.jpg\" class=\"attachment-blog-masonry-thumb size-blog-masonry-thumb\" alt=\"\" srcset=\"https:\/\/www.bahnhof-center.at\/wp-content\/uploads\/2020\/01\/image_classic_jpg.jpg 488w, https:\/\/www.bahnhof-center.at\/wp-content\/uploads\/2020\/01\/image_classic_jpg-300x176.jpg 300w\" sizes=\"(max-width: 488px) 100vw, 488px\" \/><\/a><\/figure><\/li><\/ul><script type=\"text\/javascript\">\r\n\t\t\t\tjQuery(document).ready(function () {\r\n\t\t\t\t\t(function ($) {\r\n\t\t\t\t\t\tif ($('#cmsmasters_gallery_69e1d59ee3b451_34615104').find('.cmsmasters_gallery_item').length == '0') {\r\n\t\t\t\t\t\t\treturn false;\r\n\t\t\t\t\t\t}\r\n\t\t\t\t\t\t\r\n\t\t\t\t\t\t\r\n\t\t\t\t\t\tstartGallery( \r\n\t\t\t\t\t\t\t'69e1d59ee3b451_34615104', \r\n\t\t\t\t\t\t\t'grid', \r\n\t\t\t\t\t\t\t'false', \r\n\t\t\t\t\t\t\t'false' \r\n\t\t\t\t\t\t);\r\n\t\t\t\t\t} )(jQuery);\r\n\t\t\t\t} );\r\n\t\t\t<\/script>\r\n\t\t\t<\/div>\n<\/div>\n<\/div>\n<\/div>\n<\/div>\n<\/div>\n<\/div>\n\n","protected":false},"excerpt":{"rendered":"","protected":false},"author":3,"featured_media":0,"parent":0,"menu_order":0,"comment_status":"closed","ping_status":"closed","template":"","meta":{"footnotes":""},"_links":{"self":[{"href":"https:\/\/www.bahnhof-center.at\/index.php\/wp-json\/wp\/v2\/pages\/8748"}],"collection":[{"href":"https:\/\/www.bahnhof-center.at\/index.php\/wp-json\/wp\/v2\/pages"}],"about":[{"href":"https:\/\/www.bahnhof-center.at\/index.php\/wp-json\/wp\/v2\/types\/page"}],"author":[{"embeddable":true,"href":"https:\/\/www.bahnhof-center.at\/index.php\/wp-json\/wp\/v2\/users\/3"}],"replies":[{"embeddable":true,"href":"https:\/\/www.bahnhof-center.at\/index.php\/wp-json\/wp\/v2\/comments?post=8748"}],"version-history":[{"count":5,"href":"https:\/\/www.bahnhof-center.at\/index.php\/wp-json\/wp\/v2\/pages\/8748\/revisions"}],"predecessor-version":[{"id":9973,"href":"https:\/\/www.bahnhof-center.at\/index.php\/wp-json\/wp\/v2\/pages\/8748\/revisions\/9973"}],"wp:attachment":[{"href":"https:\/\/www.bahnhof-center.at\/index.php\/wp-json\/wp\/v2\/media?parent=8748"}],"curies":[{"name":"wp","href":"https:\/\/api.w.org\/{rel}","templated":true}]}}