{"id":10330,"date":"2020-02-24T18:15:19","date_gmt":"2020-02-24T18:15:19","guid":{"rendered":"https:\/\/devb.bahnhof-center.at\/?page_id=10330"},"modified":"2020-02-24T18:15:19","modified_gmt":"2020-02-24T18:15:19","slug":"bos-bar-restaurant","status":"publish","type":"page","link":"https:\/\/www.bahnhof-center.at\/index.php\/bos-bar-restaurant\/","title":{"rendered":"BO&#8217;S BAR | RESTAURANT"},"content":{"rendered":"<style type=\"text\/css\"> \n#cmsmasters_row_69fb39a57cc4c2_28111503 .cmsmasters_row_outer_parent { \n\tpadding-top: 50px; \n} \n\n#cmsmasters_row_69fb39a57cc4c2_28111503 .cmsmasters_row_outer_parent { \n\tpadding-bottom: 55px; \n} \n\n \n#cmsmasters_heading_69fb39a57d3ce1_16645338 { \n\ttext-align:left; \n\tmargin-top:30px; \n\tmargin-bottom:10px; \n} \n\n#cmsmasters_heading_69fb39a57d3ce1_16645338 .cmsmasters_heading { \n\ttext-align:left; \n} \n\n#cmsmasters_heading_69fb39a57d3ce1_16645338 .cmsmasters_heading, #cmsmasters_heading_69fb39a57d3ce1_16645338 .cmsmasters_heading a { \n\tfont-weight:700; \n\tfont-style:normal; \n} \n\n#cmsmasters_heading_69fb39a57d3ce1_16645338 .cmsmasters_heading_divider { \n} \n\n \n#cmsmasters_heading_69fb39a57d48b1_67407782 { \n\ttext-align:left; \n\tmargin-top:0px; \n\tmargin-bottom:30px; \n} \n\n#cmsmasters_heading_69fb39a57d48b1_67407782 .cmsmasters_heading { \n\ttext-align:left; \n} \n\n#cmsmasters_heading_69fb39a57d48b1_67407782 .cmsmasters_heading, #cmsmasters_heading_69fb39a57d48b1_67407782 .cmsmasters_heading a { \n\tfont-weight:700; \n\tfont-style:normal; \n} \n\n#cmsmasters_heading_69fb39a57d48b1_67407782 .cmsmasters_heading_divider { \n} \n\n \n#cmsmasters_heading_69fb39a57d5287_72620551 { \n\ttext-align:left; \n\tmargin-top:0px; \n\tmargin-bottom:10px; \n} \n\n#cmsmasters_heading_69fb39a57d5287_72620551 .cmsmasters_heading { \n\ttext-align:left; \n} \n\n#cmsmasters_heading_69fb39a57d5287_72620551 .cmsmasters_heading, #cmsmasters_heading_69fb39a57d5287_72620551 .cmsmasters_heading a { \n\tfont-weight:700; \n\tfont-style:normal; \n} \n\n#cmsmasters_heading_69fb39a57d5287_72620551 .cmsmasters_heading_divider { \n} \n\n \n#cmsmasters_heading_69fb39a57d5c37_58062543 { \n\ttext-align:left; \n\tmargin-top:0px; \n\tmargin-bottom:30px; \n} \n\n#cmsmasters_heading_69fb39a57d5c37_58062543 .cmsmasters_heading { \n\ttext-align:left; \n} \n\n#cmsmasters_heading_69fb39a57d5c37_58062543 .cmsmasters_heading, #cmsmasters_heading_69fb39a57d5c37_58062543 .cmsmasters_heading a { \n\tfont-weight:700; \n\tfont-style:normal; \n} \n\n#cmsmasters_heading_69fb39a57d5c37_58062543 .cmsmasters_heading_divider { \n} \n\n \n#cmsmasters_heading_69fb39a57d65c9_37924079 { \n\ttext-align:left; \n\tmargin-top:0px; \n\tmargin-bottom:10px; \n} \n\n#cmsmasters_heading_69fb39a57d65c9_37924079 .cmsmasters_heading { \n\ttext-align:left; \n} \n\n#cmsmasters_heading_69fb39a57d65c9_37924079 .cmsmasters_heading, #cmsmasters_heading_69fb39a57d65c9_37924079 .cmsmasters_heading a { \n\tfont-weight:700; \n\tfont-style:normal; \n} \n\n#cmsmasters_heading_69fb39a57d65c9_37924079 .cmsmasters_heading_divider { \n} \n\n \n#cmsmasters_heading_69fb39a57d7234_66203934 { \n\ttext-align:left; \n\tmargin-top:0px; \n\tmargin-bottom:50px; \n} \n\n#cmsmasters_heading_69fb39a57d7234_66203934 .cmsmasters_heading { \n\ttext-align:left; \n} \n\n#cmsmasters_heading_69fb39a57d7234_66203934 .cmsmasters_heading, #cmsmasters_heading_69fb39a57d7234_66203934 .cmsmasters_heading a { \n\tfont-weight:700; \n\tfont-style:normal; \n} \n\n#cmsmasters_heading_69fb39a57d7234_66203934 .cmsmasters_heading_divider { \n} \n\n \n#cmsmasters_heading_69fb39a57d90e8_72897726 { \n\ttext-align:left; \n\tmargin-top:0px; \n\tmargin-bottom:20px; \n} \n\n#cmsmasters_heading_69fb39a57d90e8_72897726 .cmsmasters_heading { \n\ttext-align:left; \n} \n\n#cmsmasters_heading_69fb39a57d90e8_72897726 .cmsmasters_heading, #cmsmasters_heading_69fb39a57d90e8_72897726 .cmsmasters_heading a { \n\tfont-weight:700; \n\tfont-style:normal; \n} \n\n#cmsmasters_heading_69fb39a57d90e8_72897726 .cmsmasters_heading_divider { \n} \n\n \n#cmsmasters_divider_69fb39a57d9931_80568629 { \n\tborder-bottom-width:1px; \n\tborder-bottom-style:solid; \n\tpadding-top:0px; \n\tmargin-bottom:30px; \n} \n \n#cmsmasters_divider_69fb39a57da452_54549632 { \n\tborder-bottom-width:0px; \n\tborder-bottom-style:solid; \n\tpadding-top:0px; \n\tmargin-bottom:20px; \n} \n\r\n\t\t\t\t#cmsmasters_gallery_69fb39a57dabb7_99495411 .cmsmasters_gallery {\r\n\t\t\t\t\tmargin:0 0 0 -15px;\r\n\t\t\t\t}\r\n\t\t\t\t\r\n\t\t\t\t#cmsmasters_gallery_69fb39a57dabb7_99495411 .cmsmasters_gallery .cmsmasters_gallery_item {\r\n\t\t\t\t\tpadding:0 0 15px 15px;\r\n\t\t\t\t}\r\n\t\t\t<\/style><div id=\"cmsmasters_row_69fb39a57cc4c2_28111503\" class=\"cmsmasters_row cmsmasters_color_scheme_default cmsmasters_row_top_default cmsmasters_row_bot_default cmsmasters_row_boxed\">\n<div class=\"cmsmasters_row_outer_parent\">\n<div class=\"cmsmasters_row_outer\">\n<div class=\"cmsmasters_row_inner\">\n<div class=\"cmsmasters_row_margin\">\n<div class=\"cmsmasters_column one_fourth\">\n<div class=\"cmsmasters_img  cmsmasters_image_n\">\n<img decoding=\"async\" src=\"https:\/\/www.bahnhof-center.at\/wp-content\/uploads\/2020\/01\/Logo_BOs_BehnhofCenter.png\" \/>\n<\/div>\n\n<div id=\"cmsmasters_heading_69fb39a57d3ce1_16645338\" class=\"cmsmasters_heading_wrap cmsmasters_heading_align_left\">\n\t<h3 class=\"cmsmasters_heading\">\u00d6ffnungszeiten:<\/h3>\n<\/div>\n<div id=\"cmsmasters_heading_69fb39a57d48b1_67407782\" class=\"cmsmasters_heading_wrap cmsmasters_heading_align_left\">\n\t<h5 class=\"cmsmasters_heading\">Mo-So 06:00-22:00<\/h5>\n<\/div>\n<div id=\"cmsmasters_heading_69fb39a57d5287_72620551\" class=\"cmsmasters_heading_wrap cmsmasters_heading_align_left\">\n\t<h3 class=\"cmsmasters_heading\">Kontakt:<\/h3>\n<\/div>\n<div id=\"cmsmasters_heading_69fb39a57d5c37_58062543\" class=\"cmsmasters_heading_wrap cmsmasters_heading_align_left\">\n\t<h5 class=\"cmsmasters_heading\">+43 664 2164968<\/h5>\n<\/div>\n<div id=\"cmsmasters_heading_69fb39a57d65c9_37924079\" class=\"cmsmasters_heading_wrap cmsmasters_heading_align_left\">\n\t<h3 class=\"cmsmasters_heading\">Website:<\/h3>\n<\/div>\n<div id=\"cmsmasters_heading_69fb39a57d7234_66203934\" class=\"cmsmasters_heading_wrap cmsmasters_heading_align_left\">\n\t<h5 class=\"cmsmasters_heading\"><a href=\"#\">www.eduscho.at<\/a><\/h5>\n<\/div>\n<\/div>\n<div class=\"cmsmasters_column three_fourth\">\n\n<div id=\"cmsmasters_heading_69fb39a57d90e8_72897726\" class=\"cmsmasters_heading_wrap cmsmasters_heading_align_left\">\n\t<h1 class=\"cmsmasters_heading\">BO&#8217;S RESTAURANT<\/h1>\n<\/div>\n\n<div id=\"cmsmasters_divider_69fb39a57d9931_80568629\" class=\"cmsmasters_divider cmsmasters_divider_width_long cmsmasters_divider_pos_center\"><\/div>\n<div class=\"cmsmasters_text\">\n<p>BO&#8217;S BAR | RESTAURANT<\/p>\n<p>Hier gibt es bis 11:00, 4 verschiedene Fr\u00fchst\u00fcck und t\u00e4glich warme Speisen, eine Mischung aus gut b\u00fcrgerlicher und asiatischer K\u00fcche. Aber auch den Coffee to Go gibt&#8217;s bei Bo&#8217;s &#8211; einfach vorbeischauen und genie\u00dfen.<\/p>\n<p>&nbsp;<\/p>\n<\/div>\n\n<div id=\"cmsmasters_divider_69fb39a57da452_54549632\" class=\"cl\"><\/div>\n<div id=\"cmsmasters_gallery_69fb39a57dabb7_99495411\" class=\"cmsmasters_gallery_wrap\"><ul class=\"cmsmasters_gallery cmsmasters_3 cmsmasters_more_items_loader\"><li class=\"cmsmasters_gallery_item\"><figure><a href=\"https:\/\/www.bahnhof-center.at\/wp-content\/uploads\/2020\/02\/Bo1.jpg\" rel=\"ilightbox[69fb39a57dabb7_99495411]\"><img loading=\"lazy\" decoding=\"async\" width=\"580\" height=\"375\" src=\"https:\/\/www.bahnhof-center.at\/wp-content\/uploads\/2020\/02\/Bo1-580x375.jpg\" class=\"attachment-blog-masonry-thumb size-blog-masonry-thumb\" alt=\"\" \/><\/a><\/figure><\/li><\/ul><script type=\"text\/javascript\">\r\n\t\t\t\tjQuery(document).ready(function () {\r\n\t\t\t\t\t(function ($) {\r\n\t\t\t\t\t\tif ($('#cmsmasters_gallery_69fb39a57dabb7_99495411').find('.cmsmasters_gallery_item').length == '0') {\r\n\t\t\t\t\t\t\treturn false;\r\n\t\t\t\t\t\t}\r\n\t\t\t\t\t\t\r\n\t\t\t\t\t\t\r\n\t\t\t\t\t\tstartGallery( \r\n\t\t\t\t\t\t\t'69fb39a57dabb7_99495411', \r\n\t\t\t\t\t\t\t'grid', \r\n\t\t\t\t\t\t\t'false', \r\n\t\t\t\t\t\t\t'false' \r\n\t\t\t\t\t\t);\r\n\t\t\t\t\t} )(jQuery);\r\n\t\t\t\t} );\r\n\t\t\t<\/script>\r\n\t\t\t<\/div>\n<\/div>\n<\/div>\n<\/div>\n<\/div>\n<\/div>\n<\/div>\n\n","protected":false},"excerpt":{"rendered":"","protected":false},"author":1,"featured_media":0,"parent":0,"menu_order":0,"comment_status":"closed","ping_status":"closed","template":"","meta":{"footnotes":""},"_links":{"self":[{"href":"https:\/\/www.bahnhof-center.at\/index.php\/wp-json\/wp\/v2\/pages\/10330"}],"collection":[{"href":"https:\/\/www.bahnhof-center.at\/index.php\/wp-json\/wp\/v2\/pages"}],"about":[{"href":"https:\/\/www.bahnhof-center.at\/index.php\/wp-json\/wp\/v2\/types\/page"}],"author":[{"embeddable":true,"href":"https:\/\/www.bahnhof-center.at\/index.php\/wp-json\/wp\/v2\/users\/1"}],"replies":[{"embeddable":true,"href":"https:\/\/www.bahnhof-center.at\/index.php\/wp-json\/wp\/v2\/comments?post=10330"}],"version-history":[{"count":2,"href":"https:\/\/www.bahnhof-center.at\/index.php\/wp-json\/wp\/v2\/pages\/10330\/revisions"}],"predecessor-version":[{"id":10333,"href":"https:\/\/www.bahnhof-center.at\/index.php\/wp-json\/wp\/v2\/pages\/10330\/revisions\/10333"}],"wp:attachment":[{"href":"https:\/\/www.bahnhof-center.at\/index.php\/wp-json\/wp\/v2\/media?parent=10330"}],"curies":[{"name":"wp","href":"https:\/\/api.w.org\/{rel}","templated":true}]}}