{"id":10281,"date":"2020-02-13T10:04:12","date_gmt":"2020-02-13T10:04:12","guid":{"rendered":"https:\/\/devb.bahnhof-center.at\/?page_id=10281"},"modified":"2020-02-13T10:04:12","modified_gmt":"2020-02-13T10:04:12","slug":"bipa","status":"publish","type":"page","link":"https:\/\/www.bahnhof-center.at\/index.php\/bipa\/","title":{"rendered":"BIPA"},"content":{"rendered":"<style type=\"text\/css\"> \n#cmsmasters_row_69f4028d32d920_13202293 .cmsmasters_row_outer_parent { \n\tpadding-top: 50px; \n} \n\n#cmsmasters_row_69f4028d32d920_13202293 .cmsmasters_row_outer_parent { \n\tpadding-bottom: 55px; \n} \n\n \n#cmsmasters_heading_69f4028d33a352_25671867 { \n\ttext-align:left; \n\tmargin-top:30px; \n\tmargin-bottom:10px; \n} \n\n#cmsmasters_heading_69f4028d33a352_25671867 .cmsmasters_heading { \n\ttext-align:left; \n} \n\n#cmsmasters_heading_69f4028d33a352_25671867 .cmsmasters_heading, #cmsmasters_heading_69f4028d33a352_25671867 .cmsmasters_heading a { \n\tfont-weight:700; \n\tfont-style:normal; \n} \n\n#cmsmasters_heading_69f4028d33a352_25671867 .cmsmasters_heading_divider { \n} \n\n \n#cmsmasters_heading_69f4028d33ae18_15681924 { \n\ttext-align:left; \n\tmargin-top:0px; \n\tmargin-bottom:30px; \n} \n\n#cmsmasters_heading_69f4028d33ae18_15681924 .cmsmasters_heading { \n\ttext-align:left; \n} \n\n#cmsmasters_heading_69f4028d33ae18_15681924 .cmsmasters_heading, #cmsmasters_heading_69f4028d33ae18_15681924 .cmsmasters_heading a { \n\tfont-weight:700; \n\tfont-style:normal; \n} \n\n#cmsmasters_heading_69f4028d33ae18_15681924 .cmsmasters_heading_divider { \n} \n\n \n#cmsmasters_heading_69f4028d33bc02_21978333 { \n\ttext-align:left; \n\tmargin-top:0px; \n\tmargin-bottom:10px; \n} \n\n#cmsmasters_heading_69f4028d33bc02_21978333 .cmsmasters_heading { \n\ttext-align:left; \n} \n\n#cmsmasters_heading_69f4028d33bc02_21978333 .cmsmasters_heading, #cmsmasters_heading_69f4028d33bc02_21978333 .cmsmasters_heading a { \n\tfont-weight:700; \n\tfont-style:normal; \n} \n\n#cmsmasters_heading_69f4028d33bc02_21978333 .cmsmasters_heading_divider { \n} \n\n \n#cmsmasters_heading_69f4028d33c3f7_62719165 { \n\ttext-align:left; \n\tmargin-top:0px; \n\tmargin-bottom:30px; \n} \n\n#cmsmasters_heading_69f4028d33c3f7_62719165 .cmsmasters_heading { \n\ttext-align:left; \n} \n\n#cmsmasters_heading_69f4028d33c3f7_62719165 .cmsmasters_heading, #cmsmasters_heading_69f4028d33c3f7_62719165 .cmsmasters_heading a { \n\tfont-weight:700; \n\tfont-style:normal; \n} \n\n#cmsmasters_heading_69f4028d33c3f7_62719165 .cmsmasters_heading_divider { \n} \n\n \n#cmsmasters_heading_69f4028d33cc54_32706754 { \n\ttext-align:left; \n\tmargin-top:0px; \n\tmargin-bottom:10px; \n} \n\n#cmsmasters_heading_69f4028d33cc54_32706754 .cmsmasters_heading { \n\ttext-align:left; \n} \n\n#cmsmasters_heading_69f4028d33cc54_32706754 .cmsmasters_heading, #cmsmasters_heading_69f4028d33cc54_32706754 .cmsmasters_heading a { \n\tfont-weight:700; \n\tfont-style:normal; \n} \n\n#cmsmasters_heading_69f4028d33cc54_32706754 .cmsmasters_heading_divider { \n} \n\n \n#cmsmasters_heading_69f4028d33d971_24690437 { \n\ttext-align:left; \n\tmargin-top:0px; \n\tmargin-bottom:50px; \n} \n\n#cmsmasters_heading_69f4028d33d971_24690437 .cmsmasters_heading { \n\ttext-align:left; \n} \n\n#cmsmasters_heading_69f4028d33d971_24690437 .cmsmasters_heading, #cmsmasters_heading_69f4028d33d971_24690437 .cmsmasters_heading a { \n\tfont-weight:700; \n\tfont-style:normal; \n} \n\n#cmsmasters_heading_69f4028d33d971_24690437 .cmsmasters_heading_divider { \n} \n\n \n#cmsmasters_heading_69f4028d343827_68975968 { \n\ttext-align:left; \n\tmargin-top:0px; \n\tmargin-bottom:20px; \n} \n\n#cmsmasters_heading_69f4028d343827_68975968 .cmsmasters_heading { \n\ttext-align:left; \n} \n\n#cmsmasters_heading_69f4028d343827_68975968 .cmsmasters_heading, #cmsmasters_heading_69f4028d343827_68975968 .cmsmasters_heading a { \n\tfont-weight:700; \n\tfont-style:normal; \n} \n\n#cmsmasters_heading_69f4028d343827_68975968 .cmsmasters_heading_divider { \n} \n\n \n#cmsmasters_divider_69f4028d344805_69003759 { \n\tborder-bottom-width:1px; \n\tborder-bottom-style:solid; \n\tpadding-top:0px; \n\tmargin-bottom:30px; \n} \n \n#cmsmasters_divider_69f4028d345cf3_93832132 { \n\tborder-bottom-width:0px; \n\tborder-bottom-style:solid; \n\tpadding-top:0px; \n\tmargin-bottom:20px; \n} \n\r\n\t\t\t\t#cmsmasters_gallery_69f4028d346910_51451719 .cmsmasters_gallery {\r\n\t\t\t\t\tmargin:0 0 0 -15px;\r\n\t\t\t\t}\r\n\t\t\t\t\r\n\t\t\t\t#cmsmasters_gallery_69f4028d346910_51451719 .cmsmasters_gallery .cmsmasters_gallery_item {\r\n\t\t\t\t\tpadding:0 0 15px 15px;\r\n\t\t\t\t}\r\n\t\t\t<\/style><div id=\"cmsmasters_row_69f4028d32d920_13202293\" class=\"cmsmasters_row cmsmasters_color_scheme_default cmsmasters_row_top_default cmsmasters_row_bot_default cmsmasters_row_boxed\">\n<div class=\"cmsmasters_row_outer_parent\">\n<div class=\"cmsmasters_row_outer\">\n<div class=\"cmsmasters_row_inner\">\n<div class=\"cmsmasters_row_margin\">\n<div class=\"cmsmasters_column one_fourth\">\n<div class=\"cmsmasters_img  cmsmasters_image_n\">\n<img decoding=\"async\" src=\"https:\/\/www.bahnhof-center.at\/wp-content\/uploads\/2020\/01\/Logo_BIPA_BehnhofCenter.png\" \/>\n<\/div>\n\n<div id=\"cmsmasters_heading_69f4028d33a352_25671867\" class=\"cmsmasters_heading_wrap cmsmasters_heading_align_left\">\n\t<h3 class=\"cmsmasters_heading\">\u00d6ffnungszeiten:<\/h3>\n<\/div>\n<div id=\"cmsmasters_heading_69f4028d33ae18_15681924\" class=\"cmsmasters_heading_wrap cmsmasters_heading_align_left\">\n\t<h5 class=\"cmsmasters_heading\">Mo-Fr 07:00-20:00 und Sa 08:00-19:30<\/h5>\n<\/div>\n<div id=\"cmsmasters_heading_69f4028d33bc02_21978333\" class=\"cmsmasters_heading_wrap cmsmasters_heading_align_left\">\n\t<h3 class=\"cmsmasters_heading\">Kontakt:<\/h3>\n<\/div>\n<div id=\"cmsmasters_heading_69f4028d33c3f7_62719165\" class=\"cmsmasters_heading_wrap cmsmasters_heading_align_left\">\n\t<h5 class=\"cmsmasters_heading\">+43 7242 610556<\/h5>\n<\/div>\n<div id=\"cmsmasters_heading_69f4028d33cc54_32706754\" class=\"cmsmasters_heading_wrap cmsmasters_heading_align_left\">\n\t<h3 class=\"cmsmasters_heading\">Website:<\/h3>\n<\/div>\n<div id=\"cmsmasters_heading_69f4028d33d971_24690437\" class=\"cmsmasters_heading_wrap cmsmasters_heading_align_left\">\n\t<h5 class=\"cmsmasters_heading\"><a href=\"#\">www.bipa.co.at<\/a><\/h5>\n<\/div>\n<\/div>\n<div class=\"cmsmasters_column three_fourth\">\n\n<div id=\"cmsmasters_heading_69f4028d343827_68975968\" class=\"cmsmasters_heading_wrap cmsmasters_heading_align_left\">\n\t<h1 class=\"cmsmasters_heading\">BIPA<\/h1>\n<\/div>\n\n<div id=\"cmsmasters_divider_69f4028d344805_69003759\" class=\"cmsmasters_divider cmsmasters_divider_width_long cmsmasters_divider_pos_center\"><\/div>\n<div class=\"cmsmasters_text\">\n<p>BIPA &#8211; Ihre Drogerie im Bahnhofcenter!<\/p>\n<p>Alles rund um Sch\u00f6nheit, Pflege und Wohlbefinden mit \u00fcber 15 000 Markenartikeln sowie Eigenmarken. Seit \u00fcber 30 Jahren einer der bekanntesten Drogeriefachhandel. Alle Trends in Sachen Beauty &amp; Duft finden sie im Untergeschoss direkt hinter der Rolltreppe.<\/p>\n<p>&nbsp;<\/p>\n<\/div>\n\n<div id=\"cmsmasters_divider_69f4028d345cf3_93832132\" class=\"cl\"><\/div>\n<div id=\"cmsmasters_gallery_69f4028d346910_51451719\" class=\"cmsmasters_gallery_wrap\"><ul class=\"cmsmasters_gallery cmsmasters_3 cmsmasters_more_items_loader\"><li class=\"cmsmasters_gallery_item\"><figure><a href=\"https:\/\/www.bahnhof-center.at\/wp-content\/uploads\/2020\/02\/bipa1.jpg\" rel=\"ilightbox[69f4028d346910_51451719]\"><img loading=\"lazy\" decoding=\"async\" width=\"445\" height=\"280\" src=\"https:\/\/www.bahnhof-center.at\/wp-content\/uploads\/2020\/02\/bipa1.jpg\" class=\"attachment-blog-masonry-thumb size-blog-masonry-thumb\" alt=\"\" srcset=\"https:\/\/www.bahnhof-center.at\/wp-content\/uploads\/2020\/02\/bipa1.jpg 445w, https:\/\/www.bahnhof-center.at\/wp-content\/uploads\/2020\/02\/bipa1-300x189.jpg 300w\" sizes=\"(max-width: 445px) 100vw, 445px\" \/><\/a><\/figure><\/li><li class=\"cmsmasters_gallery_item\"><figure><a href=\"https:\/\/www.bahnhof-center.at\/wp-content\/uploads\/2020\/02\/bipa2.jpg\" rel=\"ilightbox[69f4028d346910_51451719]\"><img loading=\"lazy\" decoding=\"async\" width=\"335\" height=\"375\" src=\"https:\/\/www.bahnhof-center.at\/wp-content\/uploads\/2020\/02\/bipa2-335x375.jpg\" class=\"attachment-blog-masonry-thumb size-blog-masonry-thumb\" alt=\"\" \/><\/a><\/figure><\/li><li class=\"cmsmasters_gallery_item\"><figure><a href=\"https:\/\/www.bahnhof-center.at\/wp-content\/uploads\/2020\/02\/bipa3.jpg\" rel=\"ilightbox[69f4028d346910_51451719]\"><img loading=\"lazy\" decoding=\"async\" width=\"580\" height=\"375\" src=\"https:\/\/www.bahnhof-center.at\/wp-content\/uploads\/2020\/02\/bipa3-580x375.jpg\" class=\"attachment-blog-masonry-thumb size-blog-masonry-thumb\" alt=\"\" \/><\/a><\/figure><\/li><\/ul><script type=\"text\/javascript\">\r\n\t\t\t\tjQuery(document).ready(function () {\r\n\t\t\t\t\t(function ($) {\r\n\t\t\t\t\t\tif ($('#cmsmasters_gallery_69f4028d346910_51451719').find('.cmsmasters_gallery_item').length == '0') {\r\n\t\t\t\t\t\t\treturn false;\r\n\t\t\t\t\t\t}\r\n\t\t\t\t\t\t\r\n\t\t\t\t\t\t\r\n\t\t\t\t\t\tstartGallery( \r\n\t\t\t\t\t\t\t'69f4028d346910_51451719', \r\n\t\t\t\t\t\t\t'grid', \r\n\t\t\t\t\t\t\t'false', \r\n\t\t\t\t\t\t\t'false' \r\n\t\t\t\t\t\t);\r\n\t\t\t\t\t} )(jQuery);\r\n\t\t\t\t} );\r\n\t\t\t<\/script>\r\n\t\t\t<\/div>\n<\/div>\n<\/div>\n<\/div>\n<\/div>\n<\/div>\n<\/div>\n\n","protected":false},"excerpt":{"rendered":"","protected":false},"author":1,"featured_media":0,"parent":0,"menu_order":0,"comment_status":"closed","ping_status":"closed","template":"","meta":{"footnotes":""},"_links":{"self":[{"href":"https:\/\/www.bahnhof-center.at\/index.php\/wp-json\/wp\/v2\/pages\/10281"}],"collection":[{"href":"https:\/\/www.bahnhof-center.at\/index.php\/wp-json\/wp\/v2\/pages"}],"about":[{"href":"https:\/\/www.bahnhof-center.at\/index.php\/wp-json\/wp\/v2\/types\/page"}],"author":[{"embeddable":true,"href":"https:\/\/www.bahnhof-center.at\/index.php\/wp-json\/wp\/v2\/users\/1"}],"replies":[{"embeddable":true,"href":"https:\/\/www.bahnhof-center.at\/index.php\/wp-json\/wp\/v2\/comments?post=10281"}],"version-history":[{"count":2,"href":"https:\/\/www.bahnhof-center.at\/index.php\/wp-json\/wp\/v2\/pages\/10281\/revisions"}],"predecessor-version":[{"id":10286,"href":"https:\/\/www.bahnhof-center.at\/index.php\/wp-json\/wp\/v2\/pages\/10281\/revisions\/10286"}],"wp:attachment":[{"href":"https:\/\/www.bahnhof-center.at\/index.php\/wp-json\/wp\/v2\/media?parent=10281"}],"curies":[{"name":"wp","href":"https:\/\/api.w.org\/{rel}","templated":true}]}}