{"id":10271,"date":"2020-02-13T09:43:24","date_gmt":"2020-02-13T09:43:24","guid":{"rendered":"https:\/\/devb.bahnhof-center.at\/?page_id=10271"},"modified":"2020-02-13T09:43:24","modified_gmt":"2020-02-13T09:43:24","slug":"ams-jobborse","status":"publish","type":"page","link":"https:\/\/www.bahnhof-center.at\/index.php\/ams-jobborse\/","title":{"rendered":"AMS JOBB\u00d6RSE"},"content":{"rendered":"<style type=\"text\/css\"> \n#cmsmasters_row_69ea308b78de49_37866907 .cmsmasters_row_outer_parent { \n\tpadding-top: 50px; \n} \n\n#cmsmasters_row_69ea308b78de49_37866907 .cmsmasters_row_outer_parent { \n\tpadding-bottom: 55px; \n} \n\n \n#cmsmasters_heading_69ea308b7962e8_58426549 { \n\ttext-align:left; \n\tmargin-top:30px; \n\tmargin-bottom:10px; \n} \n\n#cmsmasters_heading_69ea308b7962e8_58426549 .cmsmasters_heading { \n\ttext-align:left; \n} \n\n#cmsmasters_heading_69ea308b7962e8_58426549 .cmsmasters_heading, #cmsmasters_heading_69ea308b7962e8_58426549 .cmsmasters_heading a { \n\tfont-weight:700; \n\tfont-style:normal; \n} \n\n#cmsmasters_heading_69ea308b7962e8_58426549 .cmsmasters_heading_divider { \n} \n\n \n#cmsmasters_heading_69ea308b797316_06481853 { \n\ttext-align:left; \n\tmargin-top:0px; \n\tmargin-bottom:30px; \n} \n\n#cmsmasters_heading_69ea308b797316_06481853 .cmsmasters_heading { \n\ttext-align:left; \n} \n\n#cmsmasters_heading_69ea308b797316_06481853 .cmsmasters_heading, #cmsmasters_heading_69ea308b797316_06481853 .cmsmasters_heading a { \n\tfont-weight:700; \n\tfont-style:normal; \n} \n\n#cmsmasters_heading_69ea308b797316_06481853 .cmsmasters_heading_divider { \n} \n\n \n#cmsmasters_heading_69ea308b7980c2_08647329 { \n\ttext-align:left; \n\tmargin-top:0px; \n\tmargin-bottom:10px; \n} \n\n#cmsmasters_heading_69ea308b7980c2_08647329 .cmsmasters_heading { \n\ttext-align:left; \n} \n\n#cmsmasters_heading_69ea308b7980c2_08647329 .cmsmasters_heading, #cmsmasters_heading_69ea308b7980c2_08647329 .cmsmasters_heading a { \n\tfont-weight:700; \n\tfont-style:normal; \n} \n\n#cmsmasters_heading_69ea308b7980c2_08647329 .cmsmasters_heading_divider { \n} \n\n \n#cmsmasters_heading_69ea308b798d98_77945498 { \n\ttext-align:left; \n\tmargin-top:0px; \n\tmargin-bottom:30px; \n} \n\n#cmsmasters_heading_69ea308b798d98_77945498 .cmsmasters_heading { \n\ttext-align:left; \n} \n\n#cmsmasters_heading_69ea308b798d98_77945498 .cmsmasters_heading, #cmsmasters_heading_69ea308b798d98_77945498 .cmsmasters_heading a { \n\tfont-weight:700; \n\tfont-style:normal; \n} \n\n#cmsmasters_heading_69ea308b798d98_77945498 .cmsmasters_heading_divider { \n} \n\n \n#cmsmasters_heading_69ea308b799b60_68605959 { \n\ttext-align:left; \n\tmargin-top:0px; \n\tmargin-bottom:10px; \n} \n\n#cmsmasters_heading_69ea308b799b60_68605959 .cmsmasters_heading { \n\ttext-align:left; \n} \n\n#cmsmasters_heading_69ea308b799b60_68605959 .cmsmasters_heading, #cmsmasters_heading_69ea308b799b60_68605959 .cmsmasters_heading a { \n\tfont-weight:700; \n\tfont-style:normal; \n} \n\n#cmsmasters_heading_69ea308b799b60_68605959 .cmsmasters_heading_divider { \n} \n\n \n#cmsmasters_heading_69ea308b79a913_92777785 { \n\ttext-align:left; \n\tmargin-top:0px; \n\tmargin-bottom:50px; \n} \n\n#cmsmasters_heading_69ea308b79a913_92777785 .cmsmasters_heading { \n\ttext-align:left; \n} \n\n#cmsmasters_heading_69ea308b79a913_92777785 .cmsmasters_heading, #cmsmasters_heading_69ea308b79a913_92777785 .cmsmasters_heading a { \n\tfont-weight:700; \n\tfont-style:normal; \n} \n\n#cmsmasters_heading_69ea308b79a913_92777785 .cmsmasters_heading_divider { \n} \n\n \n#cmsmasters_heading_69ea308b79fbc3_66078718 { \n\ttext-align:left; \n\tmargin-top:0px; \n\tmargin-bottom:20px; \n} \n\n#cmsmasters_heading_69ea308b79fbc3_66078718 .cmsmasters_heading { \n\ttext-align:left; \n} \n\n#cmsmasters_heading_69ea308b79fbc3_66078718 .cmsmasters_heading, #cmsmasters_heading_69ea308b79fbc3_66078718 .cmsmasters_heading a { \n\tfont-weight:700; \n\tfont-style:normal; \n} \n\n#cmsmasters_heading_69ea308b79fbc3_66078718 .cmsmasters_heading_divider { \n} \n\n \n#cmsmasters_divider_69ea308b7a0ae7_41198430 { \n\tborder-bottom-width:1px; \n\tborder-bottom-style:solid; \n\tpadding-top:0px; \n\tmargin-bottom:30px; \n} \n \n#cmsmasters_divider_69ea308b7a20a9_05236130 { \n\tborder-bottom-width:0px; \n\tborder-bottom-style:solid; \n\tpadding-top:0px; \n\tmargin-bottom:20px; \n} \n\r\n\t\t\t\t#cmsmasters_gallery_69ea308b7a2da3_12407664 .cmsmasters_gallery {\r\n\t\t\t\t\tmargin:0 0 0 -15px;\r\n\t\t\t\t}\r\n\t\t\t\t\r\n\t\t\t\t#cmsmasters_gallery_69ea308b7a2da3_12407664 .cmsmasters_gallery .cmsmasters_gallery_item {\r\n\t\t\t\t\tpadding:0 0 15px 15px;\r\n\t\t\t\t}\r\n\t\t\t<\/style><div id=\"cmsmasters_row_69ea308b78de49_37866907\" class=\"cmsmasters_row cmsmasters_color_scheme_default cmsmasters_row_top_default cmsmasters_row_bot_default cmsmasters_row_boxed\">\n<div class=\"cmsmasters_row_outer_parent\">\n<div class=\"cmsmasters_row_outer\">\n<div class=\"cmsmasters_row_inner\">\n<div class=\"cmsmasters_row_margin\">\n<div class=\"cmsmasters_column one_fourth\">\n<div class=\"cmsmasters_img  cmsmasters_image_n\">\n<img decoding=\"async\" src=\"https:\/\/www.bahnhof-center.at\/wp-content\/uploads\/2020\/01\/Logo_AMS_BehnhofCenter.png\" \/>\n<\/div>\n\n<div id=\"cmsmasters_heading_69ea308b7962e8_58426549\" class=\"cmsmasters_heading_wrap cmsmasters_heading_align_left\">\n\t<h3 class=\"cmsmasters_heading\">\u00d6ffnungszeiten:<\/h3>\n<\/div>\n<div id=\"cmsmasters_heading_69ea308b797316_06481853\" class=\"cmsmasters_heading_wrap cmsmasters_heading_align_left\">\n\t<h5 class=\"cmsmasters_heading\">Mo-So 07:30-17:00<\/h5>\n<\/div>\n<div id=\"cmsmasters_heading_69ea308b7980c2_08647329\" class=\"cmsmasters_heading_wrap cmsmasters_heading_align_left\">\n\t<h3 class=\"cmsmasters_heading\">Kontakt:<\/h3>\n<\/div>\n<div id=\"cmsmasters_heading_69ea308b798d98_77945498\" class=\"cmsmasters_heading_wrap cmsmasters_heading_align_left\">\n\t<h5 class=\"cmsmasters_heading\">+43 810 810500<\/h5>\n<\/div>\n<div id=\"cmsmasters_heading_69ea308b799b60_68605959\" class=\"cmsmasters_heading_wrap cmsmasters_heading_align_left\">\n\t<h3 class=\"cmsmasters_heading\">Website:<\/h3>\n<\/div>\n<div id=\"cmsmasters_heading_69ea308b79a913_92777785\" class=\"cmsmasters_heading_wrap cmsmasters_heading_align_left\">\n\t<h5 class=\"cmsmasters_heading\"><a href=\"#\">www.ams.at<\/a><\/h5>\n<\/div>\n<\/div>\n<div class=\"cmsmasters_column three_fourth\">\n\n<div id=\"cmsmasters_heading_69ea308b79fbc3_66078718\" class=\"cmsmasters_heading_wrap cmsmasters_heading_align_left\">\n\t<h1 class=\"cmsmasters_heading\">AMS Jobb\u00f6rse<\/h1>\n<\/div>\n\n<div id=\"cmsmasters_divider_69ea308b7a0ae7_41198430\" class=\"cmsmasters_divider cmsmasters_divider_width_long cmsmasters_divider_pos_center\"><\/div>\n<div class=\"cmsmasters_text\">\n<p>AMS Jobb\u00f6rse &#8211; im Bahnhofcenter<\/p>\n<p>Das Arbeitsmarktservice &#8211; kurz AMS &#8211; ist das f\u00fchrende Dienstleistungsunternehmen am Arbeitsmarkt in \u00d6sterreich. Es vermittelt Arbeitskr\u00e4fte auf offene Stellen und unterst\u00fctzt die Eigeninitiative von Arbeitsuchenden und Unternehmen durch Beratung, Information, Qualifizierung und finanzielle F\u00f6rderung. Auch hier im Bahnhofcenter finden Sie eine Zweigstelle des f\u00fchrenden Arbeitsmarktservices!<\/p>\n<p>&nbsp;<\/p>\n<\/div>\n\n<div id=\"cmsmasters_divider_69ea308b7a20a9_05236130\" class=\"cl\"><\/div>\n<div id=\"cmsmasters_gallery_69ea308b7a2da3_12407664\" class=\"cmsmasters_gallery_wrap\"><ul class=\"cmsmasters_gallery cmsmasters_3 cmsmasters_more_items_loader\"><li class=\"cmsmasters_gallery_item\"><figure><a href=\"https:\/\/www.bahnhof-center.at\/wp-content\/uploads\/2020\/02\/AMS1.jpg\" rel=\"ilightbox[69ea308b7a2da3_12407664]\"><img loading=\"lazy\" decoding=\"async\" width=\"580\" height=\"375\" src=\"https:\/\/www.bahnhof-center.at\/wp-content\/uploads\/2020\/02\/AMS1-580x375.jpg\" class=\"attachment-blog-masonry-thumb size-blog-masonry-thumb\" alt=\"\" \/><\/a><\/figure><\/li><li class=\"cmsmasters_gallery_item\"><figure><a href=\"https:\/\/www.bahnhof-center.at\/wp-content\/uploads\/2020\/02\/ams2.jpg\" rel=\"ilightbox[69ea308b7a2da3_12407664]\"><img loading=\"lazy\" decoding=\"async\" width=\"580\" height=\"375\" src=\"https:\/\/www.bahnhof-center.at\/wp-content\/uploads\/2020\/02\/ams2-580x375.jpg\" class=\"attachment-blog-masonry-thumb size-blog-masonry-thumb\" alt=\"\" \/><\/a><\/figure><\/li><li class=\"cmsmasters_gallery_item\"><figure><a href=\"https:\/\/www.bahnhof-center.at\/wp-content\/uploads\/2020\/02\/ams3.png\" rel=\"ilightbox[69ea308b7a2da3_12407664]\"><img loading=\"lazy\" decoding=\"async\" width=\"580\" height=\"375\" src=\"https:\/\/www.bahnhof-center.at\/wp-content\/uploads\/2020\/02\/ams3-580x375.png\" class=\"attachment-blog-masonry-thumb size-blog-masonry-thumb\" alt=\"\" \/><\/a><\/figure><\/li><\/ul><script type=\"text\/javascript\">\r\n\t\t\t\tjQuery(document).ready(function () {\r\n\t\t\t\t\t(function ($) {\r\n\t\t\t\t\t\tif ($('#cmsmasters_gallery_69ea308b7a2da3_12407664').find('.cmsmasters_gallery_item').length == '0') {\r\n\t\t\t\t\t\t\treturn false;\r\n\t\t\t\t\t\t}\r\n\t\t\t\t\t\t\r\n\t\t\t\t\t\t\r\n\t\t\t\t\t\tstartGallery( \r\n\t\t\t\t\t\t\t'69ea308b7a2da3_12407664', \r\n\t\t\t\t\t\t\t'grid', \r\n\t\t\t\t\t\t\t'false', \r\n\t\t\t\t\t\t\t'false' \r\n\t\t\t\t\t\t);\r\n\t\t\t\t\t} )(jQuery);\r\n\t\t\t\t} );\r\n\t\t\t<\/script>\r\n\t\t\t<\/div>\n<\/div>\n<\/div>\n<\/div>\n<\/div>\n<\/div>\n<\/div>\n\n","protected":false},"excerpt":{"rendered":"","protected":false},"author":1,"featured_media":0,"parent":0,"menu_order":0,"comment_status":"closed","ping_status":"closed","template":"","meta":{"footnotes":""},"_links":{"self":[{"href":"https:\/\/www.bahnhof-center.at\/index.php\/wp-json\/wp\/v2\/pages\/10271"}],"collection":[{"href":"https:\/\/www.bahnhof-center.at\/index.php\/wp-json\/wp\/v2\/pages"}],"about":[{"href":"https:\/\/www.bahnhof-center.at\/index.php\/wp-json\/wp\/v2\/types\/page"}],"author":[{"embeddable":true,"href":"https:\/\/www.bahnhof-center.at\/index.php\/wp-json\/wp\/v2\/users\/1"}],"replies":[{"embeddable":true,"href":"https:\/\/www.bahnhof-center.at\/index.php\/wp-json\/wp\/v2\/comments?post=10271"}],"version-history":[{"count":2,"href":"https:\/\/www.bahnhof-center.at\/index.php\/wp-json\/wp\/v2\/pages\/10271\/revisions"}],"predecessor-version":[{"id":10277,"href":"https:\/\/www.bahnhof-center.at\/index.php\/wp-json\/wp\/v2\/pages\/10271\/revisions\/10277"}],"wp:attachment":[{"href":"https:\/\/www.bahnhof-center.at\/index.php\/wp-json\/wp\/v2\/media?parent=10271"}],"curies":[{"name":"wp","href":"https:\/\/api.w.org\/{rel}","templated":true}]}}