{"id":10228,"date":"2020-02-12T11:11:09","date_gmt":"2020-02-12T11:11:09","guid":{"rendered":"https:\/\/devb.bahnhof-center.at\/?page_id=10228"},"modified":"2020-02-12T11:11:09","modified_gmt":"2020-02-12T11:11:09","slug":"leberkas-pepi","status":"publish","type":"page","link":"https:\/\/www.bahnhof-center.at\/index.php\/leberkas-pepi\/","title":{"rendered":"LEBERKAS PEPI"},"content":{"rendered":"<style type=\"text\/css\"> \n#cmsmasters_row_69f4af19630a87_73259257 .cmsmasters_row_outer_parent { \n\tpadding-top: 50px; \n} \n\n#cmsmasters_row_69f4af19630a87_73259257 .cmsmasters_row_outer_parent { \n\tpadding-bottom: 55px; \n} \n\n \n#cmsmasters_heading_69f4af1963abc7_54108696 { \n\ttext-align:left; \n\tmargin-top:30px; \n\tmargin-bottom:10px; \n} \n\n#cmsmasters_heading_69f4af1963abc7_54108696 .cmsmasters_heading { \n\ttext-align:left; \n} \n\n#cmsmasters_heading_69f4af1963abc7_54108696 .cmsmasters_heading, #cmsmasters_heading_69f4af1963abc7_54108696 .cmsmasters_heading a { \n\tfont-weight:700; \n\tfont-style:normal; \n} \n\n#cmsmasters_heading_69f4af1963abc7_54108696 .cmsmasters_heading_divider { \n} \n\n \n#cmsmasters_heading_69f4af1963bc03_06629469 { \n\ttext-align:left; \n\tmargin-top:0px; \n\tmargin-bottom:30px; \n} \n\n#cmsmasters_heading_69f4af1963bc03_06629469 .cmsmasters_heading { \n\ttext-align:left; \n} \n\n#cmsmasters_heading_69f4af1963bc03_06629469 .cmsmasters_heading, #cmsmasters_heading_69f4af1963bc03_06629469 .cmsmasters_heading a { \n\tfont-weight:700; \n\tfont-style:normal; \n} \n\n#cmsmasters_heading_69f4af1963bc03_06629469 .cmsmasters_heading_divider { \n} \n\n \n#cmsmasters_heading_69f4af1963c6e1_69851358 { \n\ttext-align:left; \n\tmargin-top:0px; \n\tmargin-bottom:10px; \n} \n\n#cmsmasters_heading_69f4af1963c6e1_69851358 .cmsmasters_heading { \n\ttext-align:left; \n} \n\n#cmsmasters_heading_69f4af1963c6e1_69851358 .cmsmasters_heading, #cmsmasters_heading_69f4af1963c6e1_69851358 .cmsmasters_heading a { \n\tfont-weight:700; \n\tfont-style:normal; \n} \n\n#cmsmasters_heading_69f4af1963c6e1_69851358 .cmsmasters_heading_divider { \n} \n\n \n#cmsmasters_heading_69f4af1963d351_90468778 { \n\ttext-align:left; \n\tmargin-top:0px; \n\tmargin-bottom:30px; \n} \n\n#cmsmasters_heading_69f4af1963d351_90468778 .cmsmasters_heading { \n\ttext-align:left; \n} \n\n#cmsmasters_heading_69f4af1963d351_90468778 .cmsmasters_heading, #cmsmasters_heading_69f4af1963d351_90468778 .cmsmasters_heading a { \n\tfont-weight:700; \n\tfont-style:normal; \n} \n\n#cmsmasters_heading_69f4af1963d351_90468778 .cmsmasters_heading_divider { \n} \n\n \n#cmsmasters_heading_69f4af1963e068_10876840 { \n\ttext-align:left; \n\tmargin-top:0px; \n\tmargin-bottom:10px; \n} \n\n#cmsmasters_heading_69f4af1963e068_10876840 .cmsmasters_heading { \n\ttext-align:left; \n} \n\n#cmsmasters_heading_69f4af1963e068_10876840 .cmsmasters_heading, #cmsmasters_heading_69f4af1963e068_10876840 .cmsmasters_heading a { \n\tfont-weight:700; \n\tfont-style:normal; \n} \n\n#cmsmasters_heading_69f4af1963e068_10876840 .cmsmasters_heading_divider { \n} \n\n \n#cmsmasters_heading_69f4af1963ec76_88784398 { \n\ttext-align:left; \n\tmargin-top:0px; \n\tmargin-bottom:50px; \n} \n\n#cmsmasters_heading_69f4af1963ec76_88784398 .cmsmasters_heading { \n\ttext-align:left; \n} \n\n#cmsmasters_heading_69f4af1963ec76_88784398 .cmsmasters_heading, #cmsmasters_heading_69f4af1963ec76_88784398 .cmsmasters_heading a { \n\tfont-weight:700; \n\tfont-style:normal; \n} \n\n#cmsmasters_heading_69f4af1963ec76_88784398 .cmsmasters_heading_divider { \n} \n\n \n#cmsmasters_heading_69f4af196437c8_74450538 { \n\ttext-align:left; \n\tmargin-top:0px; \n\tmargin-bottom:20px; \n} \n\n#cmsmasters_heading_69f4af196437c8_74450538 .cmsmasters_heading { \n\ttext-align:left; \n} \n\n#cmsmasters_heading_69f4af196437c8_74450538 .cmsmasters_heading, #cmsmasters_heading_69f4af196437c8_74450538 .cmsmasters_heading a { \n\tfont-weight:700; \n\tfont-style:normal; \n} \n\n#cmsmasters_heading_69f4af196437c8_74450538 .cmsmasters_heading_divider { \n} \n\n \n#cmsmasters_divider_69f4af19643ff3_05795183 { \n\tborder-bottom-width:1px; \n\tborder-bottom-style:solid; \n\tpadding-top:0px; \n\tmargin-bottom:30px; \n} \n \n#cmsmasters_divider_69f4af19644de8_90758894 { \n\tborder-bottom-width:0px; \n\tborder-bottom-style:solid; \n\tpadding-top:0px; \n\tmargin-bottom:20px; \n} \n\r\n\t\t\t\t#cmsmasters_gallery_69f4af19645ea8_04598506 .cmsmasters_gallery {\r\n\t\t\t\t\tmargin:0 0 0 -15px;\r\n\t\t\t\t}\r\n\t\t\t\t\r\n\t\t\t\t#cmsmasters_gallery_69f4af19645ea8_04598506 .cmsmasters_gallery .cmsmasters_gallery_item {\r\n\t\t\t\t\tpadding:0 0 15px 15px;\r\n\t\t\t\t}\r\n\t\t\t<\/style><div id=\"cmsmasters_row_69f4af19630a87_73259257\" class=\"cmsmasters_row cmsmasters_color_scheme_default cmsmasters_row_top_default cmsmasters_row_bot_default cmsmasters_row_boxed\">\n<div class=\"cmsmasters_row_outer_parent\">\n<div class=\"cmsmasters_row_outer\">\n<div class=\"cmsmasters_row_inner\">\n<div class=\"cmsmasters_row_margin\">\n<div class=\"cmsmasters_column one_fourth\">\n<div class=\"cmsmasters_img  cmsmasters_image_n\">\n<img decoding=\"async\" src=\"https:\/\/www.bahnhof-center.at\/wp-content\/uploads\/2020\/01\/Logo_L-Pepi_BehnhofCenter.png\" \/>\n<\/div>\n\n<div id=\"cmsmasters_heading_69f4af1963abc7_54108696\" class=\"cmsmasters_heading_wrap cmsmasters_heading_align_left\">\n\t<h3 class=\"cmsmasters_heading\">\u00d6ffnungszeiten:<\/h3>\n<\/div>\n<div id=\"cmsmasters_heading_69f4af1963bc03_06629469\" class=\"cmsmasters_heading_wrap cmsmasters_heading_align_left\">\n\t<h5 class=\"cmsmasters_heading\">Mo-Fr 07:30-22:00 und Sa u. So 08:00-22:00<\/h5>\n<\/div>\n<div id=\"cmsmasters_heading_69f4af1963c6e1_69851358\" class=\"cmsmasters_heading_wrap cmsmasters_heading_align_left\">\n\t<h3 class=\"cmsmasters_heading\">Kontakt:<\/h3>\n<\/div>\n<div id=\"cmsmasters_heading_69f4af1963d351_90468778\" class=\"cmsmasters_heading_wrap cmsmasters_heading_align_left\">\n\t<h5 class=\"cmsmasters_heading\">+43 732 79686 <\/h5>\n<\/div>\n<div id=\"cmsmasters_heading_69f4af1963e068_10876840\" class=\"cmsmasters_heading_wrap cmsmasters_heading_align_left\">\n\t<h3 class=\"cmsmasters_heading\">Website:<\/h3>\n<\/div>\n<div id=\"cmsmasters_heading_69f4af1963ec76_88784398\" class=\"cmsmasters_heading_wrap cmsmasters_heading_align_left\">\n\t<h5 class=\"cmsmasters_heading\"><a href=\"#\">www.leberkaspepi.at<\/a><\/h5>\n<\/div>\n<\/div>\n<div class=\"cmsmasters_column three_fourth\">\n\n<div id=\"cmsmasters_heading_69f4af196437c8_74450538\" class=\"cmsmasters_heading_wrap cmsmasters_heading_align_left\">\n\t<h1 class=\"cmsmasters_heading\">LEBERKAS PEPI<\/h1>\n<\/div>\n\n<div id=\"cmsmasters_divider_69f4af19643ff3_05795183\" class=\"cmsmasters_divider cmsmasters_divider_width_long cmsmasters_divider_pos_center\"><\/div>\n<div class=\"cmsmasters_text\">\n<p>LEBERKAS PEPI<\/p>\n<p>Das Traditionshaus f\u00fcr Leberk\u00e4se! An alle die in Linz Stadt schon nie genug davon bekommen konnten &#8211; auch auf, f\u00fcr und vor Reisen k\u00f6nnen wir euch hier am Bahnhof Linz euren Lieblingskas servieren und nat\u00fcrlich auch jede Menge andere K\u00f6stlichkeiten. Einfach vorbeischauen und genie\u00dfen.<\/p>\n<p>&nbsp;<\/p>\n<\/div>\n\n<div id=\"cmsmasters_divider_69f4af19644de8_90758894\" class=\"cl\"><\/div>\n<div id=\"cmsmasters_gallery_69f4af19645ea8_04598506\" class=\"cmsmasters_gallery_wrap\"><ul class=\"cmsmasters_gallery cmsmasters_3 cmsmasters_more_items_loader\"><li class=\"cmsmasters_gallery_item\"><figure><a href=\"https:\/\/www.bahnhof-center.at\/wp-content\/uploads\/2020\/02\/Leberkas3.jpg\" rel=\"ilightbox[69f4af19645ea8_04598506]\"><img loading=\"lazy\" decoding=\"async\" width=\"550\" height=\"375\" src=\"https:\/\/www.bahnhof-center.at\/wp-content\/uploads\/2020\/02\/Leberkas3-550x375.jpg\" class=\"attachment-blog-masonry-thumb size-blog-masonry-thumb\" alt=\"\" \/><\/a><\/figure><\/li><li class=\"cmsmasters_gallery_item\"><figure><a href=\"https:\/\/www.bahnhof-center.at\/wp-content\/uploads\/2020\/02\/Lerkas1.jpg\" rel=\"ilightbox[69f4af19645ea8_04598506]\"><img loading=\"lazy\" decoding=\"async\" width=\"580\" height=\"375\" src=\"https:\/\/www.bahnhof-center.at\/wp-content\/uploads\/2020\/02\/Lerkas1-580x375.jpg\" class=\"attachment-blog-masonry-thumb size-blog-masonry-thumb\" alt=\"\" \/><\/a><\/figure><\/li><li class=\"cmsmasters_gallery_item\"><figure><a href=\"https:\/\/www.bahnhof-center.at\/wp-content\/uploads\/2020\/02\/Leberkas2.jpg\" rel=\"ilightbox[69f4af19645ea8_04598506]\"><img loading=\"lazy\" decoding=\"async\" width=\"580\" height=\"375\" src=\"https:\/\/www.bahnhof-center.at\/wp-content\/uploads\/2020\/02\/Leberkas2-580x375.jpg\" class=\"attachment-blog-masonry-thumb size-blog-masonry-thumb\" alt=\"\" \/><\/a><\/figure><\/li><\/ul><script type=\"text\/javascript\">\r\n\t\t\t\tjQuery(document).ready(function () {\r\n\t\t\t\t\t(function ($) {\r\n\t\t\t\t\t\tif ($('#cmsmasters_gallery_69f4af19645ea8_04598506').find('.cmsmasters_gallery_item').length == '0') {\r\n\t\t\t\t\t\t\treturn false;\r\n\t\t\t\t\t\t}\r\n\t\t\t\t\t\t\r\n\t\t\t\t\t\t\r\n\t\t\t\t\t\tstartGallery( \r\n\t\t\t\t\t\t\t'69f4af19645ea8_04598506', \r\n\t\t\t\t\t\t\t'grid', \r\n\t\t\t\t\t\t\t'false', \r\n\t\t\t\t\t\t\t'false' \r\n\t\t\t\t\t\t);\r\n\t\t\t\t\t} )(jQuery);\r\n\t\t\t\t} );\r\n\t\t\t<\/script>\r\n\t\t\t<\/div>\n<\/div>\n<\/div>\n<\/div>\n<\/div>\n<\/div>\n<\/div>\n\n","protected":false},"excerpt":{"rendered":"","protected":false},"author":1,"featured_media":0,"parent":0,"menu_order":0,"comment_status":"closed","ping_status":"closed","template":"","meta":{"footnotes":""},"_links":{"self":[{"href":"https:\/\/www.bahnhof-center.at\/index.php\/wp-json\/wp\/v2\/pages\/10228"}],"collection":[{"href":"https:\/\/www.bahnhof-center.at\/index.php\/wp-json\/wp\/v2\/pages"}],"about":[{"href":"https:\/\/www.bahnhof-center.at\/index.php\/wp-json\/wp\/v2\/types\/page"}],"author":[{"embeddable":true,"href":"https:\/\/www.bahnhof-center.at\/index.php\/wp-json\/wp\/v2\/users\/1"}],"replies":[{"embeddable":true,"href":"https:\/\/www.bahnhof-center.at\/index.php\/wp-json\/wp\/v2\/comments?post=10228"}],"version-history":[{"count":3,"href":"https:\/\/www.bahnhof-center.at\/index.php\/wp-json\/wp\/v2\/pages\/10228\/revisions"}],"predecessor-version":[{"id":10676,"href":"https:\/\/www.bahnhof-center.at\/index.php\/wp-json\/wp\/v2\/pages\/10228\/revisions\/10676"}],"wp:attachment":[{"href":"https:\/\/www.bahnhof-center.at\/index.php\/wp-json\/wp\/v2\/media?parent=10228"}],"curies":[{"name":"wp","href":"https:\/\/api.w.org\/{rel}","templated":true}]}}