{"id":10177,"date":"2020-02-12T08:20:41","date_gmt":"2020-02-12T08:20:41","guid":{"rendered":"https:\/\/devb.bahnhof-center.at\/?page_id=10177"},"modified":"2020-02-12T08:42:04","modified_gmt":"2020-02-12T08:42:04","slug":"my-flowers","status":"publish","type":"page","link":"https:\/\/www.bahnhof-center.at\/index.php\/my-flowers\/","title":{"rendered":"MY FLOWERS"},"content":{"rendered":"<style type=\"text\/css\"> \n#cmsmasters_row_69f49b28496771_02501381 .cmsmasters_row_outer_parent { \n\tpadding-top: 50px; \n} \n\n#cmsmasters_row_69f49b28496771_02501381 .cmsmasters_row_outer_parent { \n\tpadding-bottom: 55px; \n} \n\n \n#cmsmasters_heading_69f49b2849ee02_65900241 { \n\ttext-align:left; \n\tmargin-top:30px; \n\tmargin-bottom:10px; \n} \n\n#cmsmasters_heading_69f49b2849ee02_65900241 .cmsmasters_heading { \n\ttext-align:left; \n} \n\n#cmsmasters_heading_69f49b2849ee02_65900241 .cmsmasters_heading, #cmsmasters_heading_69f49b2849ee02_65900241 .cmsmasters_heading a { \n\tfont-weight:700; \n\tfont-style:normal; \n} \n\n#cmsmasters_heading_69f49b2849ee02_65900241 .cmsmasters_heading_divider { \n} \n\n \n#cmsmasters_heading_69f49b2849fc55_76418305 { \n\ttext-align:left; \n\tmargin-top:0px; \n\tmargin-bottom:30px; \n} \n\n#cmsmasters_heading_69f49b2849fc55_76418305 .cmsmasters_heading { \n\ttext-align:left; \n} \n\n#cmsmasters_heading_69f49b2849fc55_76418305 .cmsmasters_heading, #cmsmasters_heading_69f49b2849fc55_76418305 .cmsmasters_heading a { \n\tfont-weight:700; \n\tfont-style:normal; \n} \n\n#cmsmasters_heading_69f49b2849fc55_76418305 .cmsmasters_heading_divider { \n} \n\n \n#cmsmasters_heading_69f49b284a0b43_68936570 { \n\ttext-align:left; \n\tmargin-top:0px; \n\tmargin-bottom:10px; \n} \n\n#cmsmasters_heading_69f49b284a0b43_68936570 .cmsmasters_heading { \n\ttext-align:left; \n} \n\n#cmsmasters_heading_69f49b284a0b43_68936570 .cmsmasters_heading, #cmsmasters_heading_69f49b284a0b43_68936570 .cmsmasters_heading a { \n\tfont-weight:700; \n\tfont-style:normal; \n} \n\n#cmsmasters_heading_69f49b284a0b43_68936570 .cmsmasters_heading_divider { \n} \n\n \n#cmsmasters_heading_69f49b284a1978_24453729 { \n\ttext-align:left; \n\tmargin-top:0px; \n\tmargin-bottom:30px; \n} \n\n#cmsmasters_heading_69f49b284a1978_24453729 .cmsmasters_heading { \n\ttext-align:left; \n} \n\n#cmsmasters_heading_69f49b284a1978_24453729 .cmsmasters_heading, #cmsmasters_heading_69f49b284a1978_24453729 .cmsmasters_heading a { \n\tfont-weight:700; \n\tfont-style:normal; \n} \n\n#cmsmasters_heading_69f49b284a1978_24453729 .cmsmasters_heading_divider { \n} \n\n \n#cmsmasters_heading_69f49b284a26c5_36634594 { \n\ttext-align:left; \n\tmargin-top:0px; \n\tmargin-bottom:10px; \n} \n\n#cmsmasters_heading_69f49b284a26c5_36634594 .cmsmasters_heading { \n\ttext-align:left; \n} \n\n#cmsmasters_heading_69f49b284a26c5_36634594 .cmsmasters_heading, #cmsmasters_heading_69f49b284a26c5_36634594 .cmsmasters_heading a { \n\tfont-weight:700; \n\tfont-style:normal; \n} \n\n#cmsmasters_heading_69f49b284a26c5_36634594 .cmsmasters_heading_divider { \n} \n\n \n#cmsmasters_heading_69f49b284a33a0_10550591 { \n\ttext-align:left; \n\tmargin-top:0px; \n\tmargin-bottom:50px; \n} \n\n#cmsmasters_heading_69f49b284a33a0_10550591 .cmsmasters_heading { \n\ttext-align:left; \n} \n\n#cmsmasters_heading_69f49b284a33a0_10550591 .cmsmasters_heading, #cmsmasters_heading_69f49b284a33a0_10550591 .cmsmasters_heading a { \n\tfont-weight:700; \n\tfont-style:normal; \n} \n\n#cmsmasters_heading_69f49b284a33a0_10550591 .cmsmasters_heading_divider { \n} \n\n \n#cmsmasters_heading_69f49b284a8ac9_79034984 { \n\ttext-align:left; \n\tmargin-top:0px; \n\tmargin-bottom:20px; \n} \n\n#cmsmasters_heading_69f49b284a8ac9_79034984 .cmsmasters_heading { \n\ttext-align:left; \n} \n\n#cmsmasters_heading_69f49b284a8ac9_79034984 .cmsmasters_heading, #cmsmasters_heading_69f49b284a8ac9_79034984 .cmsmasters_heading a { \n\tfont-weight:700; \n\tfont-style:normal; \n} \n\n#cmsmasters_heading_69f49b284a8ac9_79034984 .cmsmasters_heading_divider { \n} \n\n \n#cmsmasters_divider_69f49b284a9979_87391196 { \n\tborder-bottom-width:1px; \n\tborder-bottom-style:solid; \n\tpadding-top:0px; \n\tmargin-bottom:30px; \n} \n \n#cmsmasters_divider_69f49b284aabb3_40363334 { \n\tborder-bottom-width:0px; \n\tborder-bottom-style:solid; \n\tpadding-top:0px; \n\tmargin-bottom:20px; \n} \n\r\n\t\t\t\t#cmsmasters_gallery_69f49b284ab6e4_57412782 .cmsmasters_gallery {\r\n\t\t\t\t\tmargin:0 0 0 -15px;\r\n\t\t\t\t}\r\n\t\t\t\t\r\n\t\t\t\t#cmsmasters_gallery_69f49b284ab6e4_57412782 .cmsmasters_gallery .cmsmasters_gallery_item {\r\n\t\t\t\t\tpadding:0 0 15px 15px;\r\n\t\t\t\t}\r\n\t\t\t<\/style><div id=\"cmsmasters_row_69f49b28496771_02501381\" class=\"cmsmasters_row cmsmasters_color_scheme_default cmsmasters_row_top_default cmsmasters_row_bot_default cmsmasters_row_boxed\">\n<div class=\"cmsmasters_row_outer_parent\">\n<div class=\"cmsmasters_row_outer\">\n<div class=\"cmsmasters_row_inner\">\n<div class=\"cmsmasters_row_margin\">\n<div class=\"cmsmasters_column one_fourth\">\n<div class=\"cmsmasters_img  cmsmasters_image_n\">\n<img decoding=\"async\" src=\"https:\/\/www.bahnhof-center.at\/wp-content\/uploads\/2020\/01\/Logo_myFLOWERS_BehnhofCenter.png\" \/>\n<\/div>\n\n<div id=\"cmsmasters_heading_69f49b2849ee02_65900241\" class=\"cmsmasters_heading_wrap cmsmasters_heading_align_left\">\n\t<h3 class=\"cmsmasters_heading\">\u00d6ffnungszeiten:<\/h3>\n<\/div>\n<div id=\"cmsmasters_heading_69f49b2849fc55_76418305\" class=\"cmsmasters_heading_wrap cmsmasters_heading_align_left\">\n\t<h5 class=\"cmsmasters_heading\">Mo-Sa 08:00-20:00 und So 08:00-18:00<\/h5>\n<\/div>\n<div id=\"cmsmasters_heading_69f49b284a0b43_68936570\" class=\"cmsmasters_heading_wrap cmsmasters_heading_align_left\">\n\t<h3 class=\"cmsmasters_heading\">Kontakt:<\/h3>\n<\/div>\n<div id=\"cmsmasters_heading_69f49b284a1978_24453729\" class=\"cmsmasters_heading_wrap cmsmasters_heading_align_left\">\n\t<h5 class=\"cmsmasters_heading\"> +43 0732 665611<\/h5>\n<\/div>\n<div id=\"cmsmasters_heading_69f49b284a26c5_36634594\" class=\"cmsmasters_heading_wrap cmsmasters_heading_align_left\">\n\t<h3 class=\"cmsmasters_heading\">Website:<\/h3>\n<\/div>\n<div id=\"cmsmasters_heading_69f49b284a33a0_10550591\" class=\"cmsmasters_heading_wrap cmsmasters_heading_align_left\">\n\t<h5 class=\"cmsmasters_heading\"><a href=\"#\"><\/a><\/h5>\n<\/div>\n<\/div>\n<div class=\"cmsmasters_column three_fourth\">\n\n<div id=\"cmsmasters_heading_69f49b284a8ac9_79034984\" class=\"cmsmasters_heading_wrap cmsmasters_heading_align_left\">\n\t<h1 class=\"cmsmasters_heading\">MY FLOWERS<\/h1>\n<\/div>\n\n<div id=\"cmsmasters_divider_69f49b284a9979_87391196\" class=\"cmsmasters_divider cmsmasters_divider_width_long cmsmasters_divider_pos_center\"><\/div>\n<div class=\"cmsmasters_text\">\n<p>MY FLOWERS &#8211; durch die Blume gesagt!<\/p>\n<p>Lassen Sie die Blumen sprechen &#8211; ob f\u00fcr zur Hause, sich selbst oder als &#8222;Mitbringsel&#8220; f\u00fcr die Liebsten. My Flowers hat den gr\u00fcnen Daumen f\u00fcr Sie. Gleich reinschauen im Erdgeschoss, gegen\u00fcber vom Haupteingang.<\/p>\n<\/div>\n\n<div id=\"cmsmasters_divider_69f49b284aabb3_40363334\" class=\"cl\"><\/div>\n<div id=\"cmsmasters_gallery_69f49b284ab6e4_57412782\" class=\"cmsmasters_gallery_wrap\"><ul class=\"cmsmasters_gallery cmsmasters_3 cmsmasters_more_items_loader\"><li class=\"cmsmasters_gallery_item\"><figure><a href=\"https:\/\/www.bahnhof-center.at\/wp-content\/uploads\/2020\/02\/myflower1-1.jpg\" rel=\"ilightbox[69f49b284ab6e4_57412782]\"><img loading=\"lazy\" decoding=\"async\" width=\"580\" height=\"375\" src=\"https:\/\/www.bahnhof-center.at\/wp-content\/uploads\/2020\/02\/myflower1-1-580x375.jpg\" class=\"attachment-blog-masonry-thumb size-blog-masonry-thumb\" alt=\"\" \/><\/a><\/figure><\/li><li class=\"cmsmasters_gallery_item\"><figure><a href=\"https:\/\/www.bahnhof-center.at\/wp-content\/uploads\/2020\/02\/myflower2-1.jpg\" rel=\"ilightbox[69f49b284ab6e4_57412782]\"><img loading=\"lazy\" decoding=\"async\" width=\"580\" height=\"375\" src=\"https:\/\/www.bahnhof-center.at\/wp-content\/uploads\/2020\/02\/myflower2-1-580x375.jpg\" class=\"attachment-blog-masonry-thumb size-blog-masonry-thumb\" alt=\"\" \/><\/a><\/figure><\/li><li class=\"cmsmasters_gallery_item\"><figure><a href=\"https:\/\/www.bahnhof-center.at\/wp-content\/uploads\/2020\/02\/myflowers3-1.jpg\" rel=\"ilightbox[69f49b284ab6e4_57412782]\"><img loading=\"lazy\" decoding=\"async\" width=\"580\" height=\"375\" src=\"https:\/\/www.bahnhof-center.at\/wp-content\/uploads\/2020\/02\/myflowers3-1-580x375.jpg\" class=\"attachment-blog-masonry-thumb size-blog-masonry-thumb\" alt=\"\" srcset=\"https:\/\/www.bahnhof-center.at\/wp-content\/uploads\/2020\/02\/myflowers3-1-580x375.jpg 580w, https:\/\/www.bahnhof-center.at\/wp-content\/uploads\/2020\/02\/myflowers3-1-1000x648.jpg 1000w\" sizes=\"(max-width: 580px) 100vw, 580px\" \/><\/a><\/figure><\/li><\/ul><script type=\"text\/javascript\">\r\n\t\t\t\tjQuery(document).ready(function () {\r\n\t\t\t\t\t(function ($) {\r\n\t\t\t\t\t\tif ($('#cmsmasters_gallery_69f49b284ab6e4_57412782').find('.cmsmasters_gallery_item').length == '0') {\r\n\t\t\t\t\t\t\treturn false;\r\n\t\t\t\t\t\t}\r\n\t\t\t\t\t\t\r\n\t\t\t\t\t\t\r\n\t\t\t\t\t\tstartGallery( \r\n\t\t\t\t\t\t\t'69f49b284ab6e4_57412782', \r\n\t\t\t\t\t\t\t'grid', \r\n\t\t\t\t\t\t\t'false', \r\n\t\t\t\t\t\t\t'false' \r\n\t\t\t\t\t\t);\r\n\t\t\t\t\t} )(jQuery);\r\n\t\t\t\t} );\r\n\t\t\t<\/script>\r\n\t\t\t<\/div>\n<\/div>\n<\/div>\n<\/div>\n<\/div>\n<\/div>\n<\/div>\n\n","protected":false},"excerpt":{"rendered":"","protected":false},"author":1,"featured_media":0,"parent":0,"menu_order":0,"comment_status":"closed","ping_status":"closed","template":"","meta":{"footnotes":""},"_links":{"self":[{"href":"https:\/\/www.bahnhof-center.at\/index.php\/wp-json\/wp\/v2\/pages\/10177"}],"collection":[{"href":"https:\/\/www.bahnhof-center.at\/index.php\/wp-json\/wp\/v2\/pages"}],"about":[{"href":"https:\/\/www.bahnhof-center.at\/index.php\/wp-json\/wp\/v2\/types\/page"}],"author":[{"embeddable":true,"href":"https:\/\/www.bahnhof-center.at\/index.php\/wp-json\/wp\/v2\/users\/1"}],"replies":[{"embeddable":true,"href":"https:\/\/www.bahnhof-center.at\/index.php\/wp-json\/wp\/v2\/comments?post=10177"}],"version-history":[{"count":6,"href":"https:\/\/www.bahnhof-center.at\/index.php\/wp-json\/wp\/v2\/pages\/10177\/revisions"}],"predecessor-version":[{"id":10191,"href":"https:\/\/www.bahnhof-center.at\/index.php\/wp-json\/wp\/v2\/pages\/10177\/revisions\/10191"}],"wp:attachment":[{"href":"https:\/\/www.bahnhof-center.at\/index.php\/wp-json\/wp\/v2\/media?parent=10177"}],"curies":[{"name":"wp","href":"https:\/\/api.w.org\/{rel}","templated":true}]}}