{"id":10146,"date":"2020-01-22T12:14:08","date_gmt":"2020-01-22T12:14:08","guid":{"rendered":"https:\/\/devb.bahnhof-center.at\/?page_id=10146"},"modified":"2020-01-22T12:14:08","modified_gmt":"2020-01-22T12:14:08","slug":"stellwerk","status":"publish","type":"page","link":"https:\/\/www.bahnhof-center.at\/index.php\/stellwerk\/","title":{"rendered":"STELLWERK"},"content":{"rendered":"<style type=\"text\/css\"> \n#cmsmasters_row_69f63559b6c737_83568523 .cmsmasters_row_outer_parent { \n\tpadding-top: 50px; \n} \n\n#cmsmasters_row_69f63559b6c737_83568523 .cmsmasters_row_outer_parent { \n\tpadding-bottom: 55px; \n} \n\n \n#cmsmasters_heading_69f63559b782d1_34029611 { \n\ttext-align:left; \n\tmargin-top:30px; \n\tmargin-bottom:10px; \n} \n\n#cmsmasters_heading_69f63559b782d1_34029611 .cmsmasters_heading { \n\ttext-align:left; \n} \n\n#cmsmasters_heading_69f63559b782d1_34029611 .cmsmasters_heading, #cmsmasters_heading_69f63559b782d1_34029611 .cmsmasters_heading a { \n\tfont-weight:700; \n\tfont-style:normal; \n} \n\n#cmsmasters_heading_69f63559b782d1_34029611 .cmsmasters_heading_divider { \n} \n\n \n#cmsmasters_heading_69f63559b78e91_24974529 { \n\ttext-align:left; \n\tmargin-top:0px; \n\tmargin-bottom:30px; \n} \n\n#cmsmasters_heading_69f63559b78e91_24974529 .cmsmasters_heading { \n\ttext-align:left; \n} \n\n#cmsmasters_heading_69f63559b78e91_24974529 .cmsmasters_heading, #cmsmasters_heading_69f63559b78e91_24974529 .cmsmasters_heading a { \n\tfont-weight:700; \n\tfont-style:normal; \n} \n\n#cmsmasters_heading_69f63559b78e91_24974529 .cmsmasters_heading_divider { \n} \n\n \n#cmsmasters_heading_69f63559b799d8_78523567 { \n\ttext-align:left; \n\tmargin-top:0px; \n\tmargin-bottom:10px; \n} \n\n#cmsmasters_heading_69f63559b799d8_78523567 .cmsmasters_heading { \n\ttext-align:left; \n} \n\n#cmsmasters_heading_69f63559b799d8_78523567 .cmsmasters_heading, #cmsmasters_heading_69f63559b799d8_78523567 .cmsmasters_heading a { \n\tfont-weight:700; \n\tfont-style:normal; \n} \n\n#cmsmasters_heading_69f63559b799d8_78523567 .cmsmasters_heading_divider { \n} \n\n \n#cmsmasters_heading_69f63559b7aaa3_16882839 { \n\ttext-align:left; \n\tmargin-top:0px; \n\tmargin-bottom:30px; \n} \n\n#cmsmasters_heading_69f63559b7aaa3_16882839 .cmsmasters_heading { \n\ttext-align:left; \n} \n\n#cmsmasters_heading_69f63559b7aaa3_16882839 .cmsmasters_heading, #cmsmasters_heading_69f63559b7aaa3_16882839 .cmsmasters_heading a { \n\tfont-weight:700; \n\tfont-style:normal; \n} \n\n#cmsmasters_heading_69f63559b7aaa3_16882839 .cmsmasters_heading_divider { \n} \n\n \n#cmsmasters_heading_69f63559b7b5a9_65852483 { \n\ttext-align:left; \n\tmargin-top:0px; \n\tmargin-bottom:10px; \n} \n\n#cmsmasters_heading_69f63559b7b5a9_65852483 .cmsmasters_heading { \n\ttext-align:left; \n} \n\n#cmsmasters_heading_69f63559b7b5a9_65852483 .cmsmasters_heading, #cmsmasters_heading_69f63559b7b5a9_65852483 .cmsmasters_heading a { \n\tfont-weight:700; \n\tfont-style:normal; \n} \n\n#cmsmasters_heading_69f63559b7b5a9_65852483 .cmsmasters_heading_divider { \n} \n\n \n#cmsmasters_heading_69f63559b7c037_25602873 { \n\ttext-align:left; \n\tmargin-top:0px; \n\tmargin-bottom:50px; \n} \n\n#cmsmasters_heading_69f63559b7c037_25602873 .cmsmasters_heading { \n\ttext-align:left; \n} \n\n#cmsmasters_heading_69f63559b7c037_25602873 .cmsmasters_heading, #cmsmasters_heading_69f63559b7c037_25602873 .cmsmasters_heading a { \n\tfont-weight:700; \n\tfont-style:normal; \n} \n\n#cmsmasters_heading_69f63559b7c037_25602873 .cmsmasters_heading_divider { \n} \n\n \n#cmsmasters_heading_69f63559b809f6_40662962 { \n\ttext-align:left; \n\tmargin-top:0px; \n\tmargin-bottom:20px; \n} \n\n#cmsmasters_heading_69f63559b809f6_40662962 .cmsmasters_heading { \n\ttext-align:left; \n} \n\n#cmsmasters_heading_69f63559b809f6_40662962 .cmsmasters_heading, #cmsmasters_heading_69f63559b809f6_40662962 .cmsmasters_heading a { \n\tfont-weight:700; \n\tfont-style:normal; \n} \n\n#cmsmasters_heading_69f63559b809f6_40662962 .cmsmasters_heading_divider { \n} \n\n \n#cmsmasters_divider_69f63559b81598_48207326 { \n\tborder-bottom-width:1px; \n\tborder-bottom-style:solid; \n\tpadding-top:0px; \n\tmargin-bottom:30px; \n} \n \n#cmsmasters_divider_69f63559b827f1_84798490 { \n\tborder-bottom-width:0px; \n\tborder-bottom-style:solid; \n\tpadding-top:0px; \n\tmargin-bottom:20px; \n} \n\r\n\t\t\t\t#cmsmasters_gallery_69f63559b83334_14014192 .cmsmasters_gallery {\r\n\t\t\t\t\tmargin:0 0 0 -15px;\r\n\t\t\t\t}\r\n\t\t\t\t\r\n\t\t\t\t#cmsmasters_gallery_69f63559b83334_14014192 .cmsmasters_gallery .cmsmasters_gallery_item {\r\n\t\t\t\t\tpadding:0 0 15px 15px;\r\n\t\t\t\t}\r\n\t\t\t<\/style><div id=\"cmsmasters_row_69f63559b6c737_83568523\" class=\"cmsmasters_row cmsmasters_color_scheme_default cmsmasters_row_top_default cmsmasters_row_bot_default cmsmasters_row_boxed\">\n<div class=\"cmsmasters_row_outer_parent\">\n<div class=\"cmsmasters_row_outer\">\n<div class=\"cmsmasters_row_inner\">\n<div class=\"cmsmasters_row_margin\">\n<div class=\"cmsmasters_column one_fourth\">\n<div class=\"cmsmasters_img  cmsmasters_image_n\">\n<img decoding=\"async\" src=\"https:\/\/www.bahnhof-center.at\/wp-content\/uploads\/2020\/01\/Logo_Stellwerk_BehnhofCenter.png\" \/>\n<\/div>\n\n<div id=\"cmsmasters_heading_69f63559b782d1_34029611\" class=\"cmsmasters_heading_wrap cmsmasters_heading_align_left\">\n\t<h3 class=\"cmsmasters_heading\">\u00d6ffnungszeiten:<\/h3>\n<\/div>\n<div id=\"cmsmasters_heading_69f63559b78e91_24974529\" class=\"cmsmasters_heading_wrap cmsmasters_heading_align_left\">\n\t<h5 class=\"cmsmasters_heading\">Mo-So 6.30-22.00 Uhr Auch an Feiertagen ge\u00f6ffnet!<\/h5>\n<\/div>\n<div id=\"cmsmasters_heading_69f63559b799d8_78523567\" class=\"cmsmasters_heading_wrap cmsmasters_heading_align_left\">\n\t<h3 class=\"cmsmasters_heading\">Kontakt:<\/h3>\n<\/div>\n<div id=\"cmsmasters_heading_69f63559b7aaa3_16882839\" class=\"cmsmasters_heading_wrap cmsmasters_heading_align_left\">\n\t<h5 class=\"cmsmasters_heading\">+43 732\u00a0919777 Anfragen nur telefonisch m\u00f6glich!<\/h5>\n<\/div>\n<div id=\"cmsmasters_heading_69f63559b7b5a9_65852483\" class=\"cmsmasters_heading_wrap cmsmasters_heading_align_left\">\n\t<h3 class=\"cmsmasters_heading\">Website:<\/h3>\n<\/div>\n<div id=\"cmsmasters_heading_69f63559b7c037_25602873\" class=\"cmsmasters_heading_wrap cmsmasters_heading_align_left\">\n\t<h5 class=\"cmsmasters_heading\"><a href=\"#\">www.bistro-stellwerk.at\/<\/a><\/h5>\n<\/div>\n<\/div>\n<div class=\"cmsmasters_column three_fourth\">\n\n<div id=\"cmsmasters_heading_69f63559b809f6_40662962\" class=\"cmsmasters_heading_wrap cmsmasters_heading_align_left\">\n\t<h1 class=\"cmsmasters_heading\">STELLWERK<\/h1>\n<\/div>\n\n<div id=\"cmsmasters_divider_69f63559b81598_48207326\" class=\"cmsmasters_divider cmsmasters_divider_width_long cmsmasters_divider_pos_center\"><\/div>\n<div class=\"cmsmasters_text\">\n<p>STELLWERK Bistro am Bahnhof Linz &#8211; Fr\u00fchst\u00fcck, Mittagsessen, Abendessen oder kleiner Snack!<\/p>\n<p>Caf\u00e9 Bistro STELLWERK &#8211; der Name ist Programm. Vom &#8222;Schlemmerfr\u00fchst\u00fcck bis zum Rumpsteak &#8211; das Stellwerk bedient jeden Gaumen. Im Sommer bis sp\u00e4t in die kalte Jahreszeit kann man auch den Blick vorm Bahnhofcenter genie\u00dfen und dem Treiben zusehen. Au\u00dferdem eignet sich das Ambiente sowohl f\u00fcr Businesstermine als auch zum Wohlf\u00fchlen wie im eigenen Wohnzimmer.<\/p>\n<p>&nbsp;<\/p>\n<\/div>\n\n<div id=\"cmsmasters_divider_69f63559b827f1_84798490\" class=\"cl\"><\/div>\n<div id=\"cmsmasters_gallery_69f63559b83334_14014192\" class=\"cmsmasters_gallery_wrap\"><ul class=\"cmsmasters_gallery cmsmasters_3 cmsmasters_more_items_loader\"><li class=\"cmsmasters_gallery_item\"><figure><a href=\"https:\/\/www.bahnhof-center.at\/wp-content\/uploads\/2020\/01\/Stellwerk-aussen.jpg\" rel=\"ilightbox[69f63559b83334_14014192]\"><img loading=\"lazy\" decoding=\"async\" width=\"580\" height=\"375\" src=\"https:\/\/www.bahnhof-center.at\/wp-content\/uploads\/2020\/01\/Stellwerk-aussen-580x375.jpg\" class=\"attachment-blog-masonry-thumb size-blog-masonry-thumb\" alt=\"\" srcset=\"https:\/\/www.bahnhof-center.at\/wp-content\/uploads\/2020\/01\/Stellwerk-aussen-580x375.jpg 580w, https:\/\/www.bahnhof-center.at\/wp-content\/uploads\/2020\/01\/Stellwerk-aussen-1160x750.jpg 1160w\" sizes=\"(max-width: 580px) 100vw, 580px\" \/><\/a><\/figure><\/li><li class=\"cmsmasters_gallery_item\"><figure><a href=\"https:\/\/www.bahnhof-center.at\/wp-content\/uploads\/2020\/01\/Stellwerk1.jpg\" rel=\"ilightbox[69f63559b83334_14014192]\"><img loading=\"lazy\" decoding=\"async\" width=\"580\" height=\"375\" src=\"https:\/\/www.bahnhof-center.at\/wp-content\/uploads\/2020\/01\/Stellwerk1-580x375.jpg\" class=\"attachment-blog-masonry-thumb size-blog-masonry-thumb\" alt=\"\" srcset=\"https:\/\/www.bahnhof-center.at\/wp-content\/uploads\/2020\/01\/Stellwerk1-580x375.jpg 580w, https:\/\/www.bahnhof-center.at\/wp-content\/uploads\/2020\/01\/Stellwerk1-1160x750.jpg 1160w\" sizes=\"(max-width: 580px) 100vw, 580px\" \/><\/a><\/figure><\/li><li class=\"cmsmasters_gallery_item\"><figure><a href=\"https:\/\/www.bahnhof-center.at\/wp-content\/uploads\/2020\/01\/Stellwerk2.jpg\" rel=\"ilightbox[69f63559b83334_14014192]\"><img loading=\"lazy\" decoding=\"async\" width=\"550\" height=\"375\" src=\"https:\/\/www.bahnhof-center.at\/wp-content\/uploads\/2020\/01\/Stellwerk2-550x375.jpg\" class=\"attachment-blog-masonry-thumb size-blog-masonry-thumb\" alt=\"\" \/><\/a><\/figure><\/li><\/ul><script type=\"text\/javascript\">\r\n\t\t\t\tjQuery(document).ready(function () {\r\n\t\t\t\t\t(function ($) {\r\n\t\t\t\t\t\tif ($('#cmsmasters_gallery_69f63559b83334_14014192').find('.cmsmasters_gallery_item').length == '0') {\r\n\t\t\t\t\t\t\treturn false;\r\n\t\t\t\t\t\t}\r\n\t\t\t\t\t\t\r\n\t\t\t\t\t\t\r\n\t\t\t\t\t\tstartGallery( \r\n\t\t\t\t\t\t\t'69f63559b83334_14014192', \r\n\t\t\t\t\t\t\t'grid', \r\n\t\t\t\t\t\t\t'false', \r\n\t\t\t\t\t\t\t'false' \r\n\t\t\t\t\t\t);\r\n\t\t\t\t\t} )(jQuery);\r\n\t\t\t\t} );\r\n\t\t\t<\/script>\r\n\t\t\t<\/div>\n<\/div>\n<\/div>\n<\/div>\n<\/div>\n<\/div>\n<\/div>\n\n","protected":false},"excerpt":{"rendered":"","protected":false},"author":1,"featured_media":0,"parent":0,"menu_order":0,"comment_status":"closed","ping_status":"closed","template":"","meta":{"footnotes":""},"_links":{"self":[{"href":"https:\/\/www.bahnhof-center.at\/index.php\/wp-json\/wp\/v2\/pages\/10146"}],"collection":[{"href":"https:\/\/www.bahnhof-center.at\/index.php\/wp-json\/wp\/v2\/pages"}],"about":[{"href":"https:\/\/www.bahnhof-center.at\/index.php\/wp-json\/wp\/v2\/types\/page"}],"author":[{"embeddable":true,"href":"https:\/\/www.bahnhof-center.at\/index.php\/wp-json\/wp\/v2\/users\/1"}],"replies":[{"embeddable":true,"href":"https:\/\/www.bahnhof-center.at\/index.php\/wp-json\/wp\/v2\/comments?post=10146"}],"version-history":[{"count":2,"href":"https:\/\/www.bahnhof-center.at\/index.php\/wp-json\/wp\/v2\/pages\/10146\/revisions"}],"predecessor-version":[{"id":10151,"href":"https:\/\/www.bahnhof-center.at\/index.php\/wp-json\/wp\/v2\/pages\/10146\/revisions\/10151"}],"wp:attachment":[{"href":"https:\/\/www.bahnhof-center.at\/index.php\/wp-json\/wp\/v2\/media?parent=10146"}],"curies":[{"name":"wp","href":"https:\/\/api.w.org\/{rel}","templated":true}]}}