{"id":10139,"date":"2020-01-22T11:44:51","date_gmt":"2020-01-22T11:44:51","guid":{"rendered":"https:\/\/devb.bahnhof-center.at\/?page_id=10139"},"modified":"2021-04-01T22:49:32","modified_gmt":"2021-04-01T22:49:32","slug":"tabaktrafik","status":"publish","type":"page","link":"https:\/\/www.bahnhof-center.at\/index.php\/tabaktrafik\/","title":{"rendered":"TABAKTRAFIK"},"content":{"rendered":"<style type=\"text\/css\"> \n#cmsmasters_row_69df47766effd6_35248386 .cmsmasters_row_outer_parent { \n\tpadding-top: 50px; \n} \n\n#cmsmasters_row_69df47766effd6_35248386 .cmsmasters_row_outer_parent { \n\tpadding-bottom: 55px; \n} \n\n \n#cmsmasters_heading_69df47766f7139_37707280 { \n\ttext-align:left; \n\tmargin-top:30px; \n\tmargin-bottom:10px; \n} \n\n#cmsmasters_heading_69df47766f7139_37707280 .cmsmasters_heading { \n\ttext-align:left; \n} \n\n#cmsmasters_heading_69df47766f7139_37707280 .cmsmasters_heading, #cmsmasters_heading_69df47766f7139_37707280 .cmsmasters_heading a { \n\tfont-weight:700; \n\tfont-style:normal; \n} \n\n#cmsmasters_heading_69df47766f7139_37707280 .cmsmasters_heading_divider { \n} \n\n \n#cmsmasters_heading_69df47766f7940_16700257 { \n\ttext-align:left; \n\tmargin-top:0px; \n\tmargin-bottom:30px; \n} \n\n#cmsmasters_heading_69df47766f7940_16700257 .cmsmasters_heading { \n\ttext-align:left; \n} \n\n#cmsmasters_heading_69df47766f7940_16700257 .cmsmasters_heading, #cmsmasters_heading_69df47766f7940_16700257 .cmsmasters_heading a { \n\tfont-weight:700; \n\tfont-style:normal; \n} \n\n#cmsmasters_heading_69df47766f7940_16700257 .cmsmasters_heading_divider { \n} \n\n \n#cmsmasters_heading_69df47766f8049_43395324 { \n\ttext-align:left; \n\tmargin-top:0px; \n\tmargin-bottom:10px; \n} \n\n#cmsmasters_heading_69df47766f8049_43395324 .cmsmasters_heading { \n\ttext-align:left; \n} \n\n#cmsmasters_heading_69df47766f8049_43395324 .cmsmasters_heading, #cmsmasters_heading_69df47766f8049_43395324 .cmsmasters_heading a { \n\tfont-weight:700; \n\tfont-style:normal; \n} \n\n#cmsmasters_heading_69df47766f8049_43395324 .cmsmasters_heading_divider { \n} \n\n \n#cmsmasters_heading_69df47766f8751_97486344 { \n\ttext-align:left; \n\tmargin-top:0px; \n\tmargin-bottom:30px; \n} \n\n#cmsmasters_heading_69df47766f8751_97486344 .cmsmasters_heading { \n\ttext-align:left; \n} \n\n#cmsmasters_heading_69df47766f8751_97486344 .cmsmasters_heading, #cmsmasters_heading_69df47766f8751_97486344 .cmsmasters_heading a { \n\tfont-weight:700; \n\tfont-style:normal; \n} \n\n#cmsmasters_heading_69df47766f8751_97486344 .cmsmasters_heading_divider { \n} \n\n \n#cmsmasters_heading_69df47766f8ee1_80448162 { \n\ttext-align:left; \n\tmargin-top:0px; \n\tmargin-bottom:10px; \n} \n\n#cmsmasters_heading_69df47766f8ee1_80448162 .cmsmasters_heading { \n\ttext-align:left; \n} \n\n#cmsmasters_heading_69df47766f8ee1_80448162 .cmsmasters_heading, #cmsmasters_heading_69df47766f8ee1_80448162 .cmsmasters_heading a { \n\tfont-weight:700; \n\tfont-style:normal; \n} \n\n#cmsmasters_heading_69df47766f8ee1_80448162 .cmsmasters_heading_divider { \n} \n\n \n#cmsmasters_heading_69df47766f95c1_75318780 { \n\ttext-align:left; \n\tmargin-top:0px; \n\tmargin-bottom:50px; \n} \n\n#cmsmasters_heading_69df47766f95c1_75318780 .cmsmasters_heading { \n\ttext-align:left; \n} \n\n#cmsmasters_heading_69df47766f95c1_75318780 .cmsmasters_heading, #cmsmasters_heading_69df47766f95c1_75318780 .cmsmasters_heading a { \n\tfont-weight:700; \n\tfont-style:normal; \n} \n\n#cmsmasters_heading_69df47766f95c1_75318780 .cmsmasters_heading_divider { \n} \n\n \n#cmsmasters_heading_69df47766fdb71_54745358 { \n\ttext-align:left; \n\tmargin-top:0px; \n\tmargin-bottom:20px; \n} \n\n#cmsmasters_heading_69df47766fdb71_54745358 .cmsmasters_heading { \n\ttext-align:left; \n} \n\n#cmsmasters_heading_69df47766fdb71_54745358 .cmsmasters_heading, #cmsmasters_heading_69df47766fdb71_54745358 .cmsmasters_heading a { \n\tfont-weight:700; \n\tfont-style:normal; \n} \n\n#cmsmasters_heading_69df47766fdb71_54745358 .cmsmasters_heading_divider { \n} \n\n \n#cmsmasters_divider_69df47766fe6b2_13147687 { \n\tborder-bottom-width:1px; \n\tborder-bottom-style:solid; \n\tpadding-top:0px; \n\tmargin-bottom:30px; \n} \n \n#cmsmasters_divider_69df47766ff803_65528165 { \n\tborder-bottom-width:0px; \n\tborder-bottom-style:solid; \n\tpadding-top:0px; \n\tmargin-bottom:20px; \n} \n\r\n\t\t\t\t#cmsmasters_gallery_69df47767002a5_46701651 .cmsmasters_gallery {\r\n\t\t\t\t\tmargin:0 0 0 -15px;\r\n\t\t\t\t}\r\n\t\t\t\t\r\n\t\t\t\t#cmsmasters_gallery_69df47767002a5_46701651 .cmsmasters_gallery .cmsmasters_gallery_item {\r\n\t\t\t\t\tpadding:0 0 15px 15px;\r\n\t\t\t\t}\r\n\t\t\t<\/style><div id=\"cmsmasters_row_69df47766effd6_35248386\" class=\"cmsmasters_row cmsmasters_color_scheme_default cmsmasters_row_top_default cmsmasters_row_bot_default cmsmasters_row_boxed\">\n<div class=\"cmsmasters_row_outer_parent\">\n<div class=\"cmsmasters_row_outer\">\n<div class=\"cmsmasters_row_inner\">\n<div class=\"cmsmasters_row_margin\">\n<div class=\"cmsmasters_column one_fourth\">\n<div class=\"cmsmasters_img  cmsmasters_image_n\">\n<img decoding=\"async\" src=\"https:\/\/www.bahnhof-center.at\/wp-content\/uploads\/2021\/04\/Tabak_Rachle.png\" \/>\n<\/div>\n\n<div id=\"cmsmasters_heading_69df47766f7139_37707280\" class=\"cmsmasters_heading_wrap cmsmasters_heading_align_left\">\n\t<h3 class=\"cmsmasters_heading\">\u00d6ffnungszeiten:<\/h3>\n<\/div>\n<div id=\"cmsmasters_heading_69df47766f7940_16700257\" class=\"cmsmasters_heading_wrap cmsmasters_heading_align_left\">\n\t<h5 class=\"cmsmasters_heading\">siehe Details rechts<\/h5>\n<\/div>\n<div id=\"cmsmasters_heading_69df47766f8049_43395324\" class=\"cmsmasters_heading_wrap cmsmasters_heading_align_left\">\n\t<h3 class=\"cmsmasters_heading\">Kontakt:<\/h3>\n<\/div>\n<div id=\"cmsmasters_heading_69df47766f8751_97486344\" class=\"cmsmasters_heading_wrap cmsmasters_heading_align_left\">\n\t<h5 class=\"cmsmasters_heading\">+ 43 <\/h5>\n<\/div>\n<div id=\"cmsmasters_heading_69df47766f8ee1_80448162\" class=\"cmsmasters_heading_wrap cmsmasters_heading_align_left\">\n\t<h3 class=\"cmsmasters_heading\">Website:<\/h3>\n<\/div>\n<div id=\"cmsmasters_heading_69df47766f95c1_75318780\" class=\"cmsmasters_heading_wrap cmsmasters_heading_align_left\">\n\t<h5 class=\"cmsmasters_heading\"><a href=\"#\">www.austriatabak.at<\/a><\/h5>\n<\/div>\n<\/div>\n<div class=\"cmsmasters_column three_fourth\">\n\n<div id=\"cmsmasters_heading_69df47766fdb71_54745358\" class=\"cmsmasters_heading_wrap cmsmasters_heading_align_left\">\n\t<h1 class=\"cmsmasters_heading\">TABAKTRAFIK<\/h1>\n<\/div>\n\n<div id=\"cmsmasters_divider_69df47766fe6b2_13147687\" class=\"cmsmasters_divider cmsmasters_divider_width_long cmsmasters_divider_pos_center\"><\/div>\n<div class=\"cmsmasters_text\">\n<p>TABAKTRAFIK am Bahnhof Linz &#8211; Tabak &amp; Mehr!<\/p>\n<p>Ihre Trafiken Weichart, Gr\u00f6bner, Horn und Erlach haben f\u00fcr Sie ge\u00f6ffnet am Bahnhofcenter. Sowohl Tabakware als auch Lotto, Totto und Co. bekommt man hier. Aber Papierware und mehr finden Sie in Ihren Trafiken.<\/p>\n<p>\u00d6ffnungszeiten<\/p>\n<p>LINZ<br \/>\nTabaktrafik Weichhart MO-FR 6:00 &#8211; 19.00 | SA 7:00 &#8211; 19:00 | SO 8:00 &#8211; 19:00<br \/>\nTabaktrafik Gr\u00f6bner MO-FR 6:00 &#8211; 21:00 | SA 7:00 &#8211; 21:00 | SO 7:30 &#8211; 21:00<br \/>\nTabaktrafik Rachle MO-FR 5:30 &#8211; 19:00 | SA 7:00 &#8211; 21:00 | SO 7:30 &#8211; 21:00<br \/>\nWELS<br \/>\nTabaktrafik Erlach MO-FR 5:15 &#8211; 21:00 | SA 7:00 &#8211; 21:00 | SO 7:30 &#8211; 21:00<\/p>\n<p>&nbsp;<\/p>\n<\/div>\n\n<div id=\"cmsmasters_divider_69df47766ff803_65528165\" class=\"cl\"><\/div>\n<div id=\"cmsmasters_gallery_69df47767002a5_46701651\" class=\"cmsmasters_gallery_wrap\"><ul class=\"cmsmasters_gallery cmsmasters_3 cmsmasters_more_items_loader\"><li class=\"cmsmasters_gallery_item\"><figure><a href=\"https:\/\/www.bahnhof-center.at\/wp-content\/uploads\/2020\/01\/Trafik1.jpg\" rel=\"ilightbox[69df47767002a5_46701651]\"><img loading=\"lazy\" decoding=\"async\" width=\"580\" height=\"375\" src=\"https:\/\/www.bahnhof-center.at\/wp-content\/uploads\/2020\/01\/Trafik1-580x375.jpg\" class=\"attachment-blog-masonry-thumb size-blog-masonry-thumb\" alt=\"\" \/><\/a><\/figure><\/li><li class=\"cmsmasters_gallery_item\"><figure><a href=\"https:\/\/www.bahnhof-center.at\/wp-content\/uploads\/2020\/01\/Trafik2.jpg\" rel=\"ilightbox[69df47767002a5_46701651]\"><img loading=\"lazy\" decoding=\"async\" width=\"580\" height=\"375\" src=\"https:\/\/www.bahnhof-center.at\/wp-content\/uploads\/2020\/01\/Trafik2-580x375.jpg\" class=\"attachment-blog-masonry-thumb size-blog-masonry-thumb\" alt=\"\" \/><\/a><\/figure><\/li><li class=\"cmsmasters_gallery_item\"><figure><a href=\"https:\/\/www.bahnhof-center.at\/wp-content\/uploads\/2020\/01\/Trafik3.jpg\" rel=\"ilightbox[69df47767002a5_46701651]\"><img loading=\"lazy\" decoding=\"async\" width=\"580\" height=\"375\" src=\"https:\/\/www.bahnhof-center.at\/wp-content\/uploads\/2020\/01\/Trafik3-580x375.jpg\" class=\"attachment-blog-masonry-thumb size-blog-masonry-thumb\" alt=\"\" \/><\/a><\/figure><\/li><\/ul><script type=\"text\/javascript\">\r\n\t\t\t\tjQuery(document).ready(function () {\r\n\t\t\t\t\t(function ($) {\r\n\t\t\t\t\t\tif ($('#cmsmasters_gallery_69df47767002a5_46701651').find('.cmsmasters_gallery_item').length == '0') {\r\n\t\t\t\t\t\t\treturn false;\r\n\t\t\t\t\t\t}\r\n\t\t\t\t\t\t\r\n\t\t\t\t\t\t\r\n\t\t\t\t\t\tstartGallery( \r\n\t\t\t\t\t\t\t'69df47767002a5_46701651', \r\n\t\t\t\t\t\t\t'grid', \r\n\t\t\t\t\t\t\t'false', \r\n\t\t\t\t\t\t\t'false' \r\n\t\t\t\t\t\t);\r\n\t\t\t\t\t} )(jQuery);\r\n\t\t\t\t} );\r\n\t\t\t<\/script>\r\n\t\t\t<\/div>\n<\/div>\n<\/div>\n<\/div>\n<\/div>\n<\/div>\n<\/div>\n\n","protected":false},"excerpt":{"rendered":"","protected":false},"author":1,"featured_media":0,"parent":0,"menu_order":0,"comment_status":"closed","ping_status":"closed","template":"","meta":{"footnotes":""},"_links":{"self":[{"href":"https:\/\/www.bahnhof-center.at\/index.php\/wp-json\/wp\/v2\/pages\/10139"}],"collection":[{"href":"https:\/\/www.bahnhof-center.at\/index.php\/wp-json\/wp\/v2\/pages"}],"about":[{"href":"https:\/\/www.bahnhof-center.at\/index.php\/wp-json\/wp\/v2\/types\/page"}],"author":[{"embeddable":true,"href":"https:\/\/www.bahnhof-center.at\/index.php\/wp-json\/wp\/v2\/users\/1"}],"replies":[{"embeddable":true,"href":"https:\/\/www.bahnhof-center.at\/index.php\/wp-json\/wp\/v2\/comments?post=10139"}],"version-history":[{"count":3,"href":"https:\/\/www.bahnhof-center.at\/index.php\/wp-json\/wp\/v2\/pages\/10139\/revisions"}],"predecessor-version":[{"id":10554,"href":"https:\/\/www.bahnhof-center.at\/index.php\/wp-json\/wp\/v2\/pages\/10139\/revisions\/10554"}],"wp:attachment":[{"href":"https:\/\/www.bahnhof-center.at\/index.php\/wp-json\/wp\/v2\/media?parent=10139"}],"curies":[{"name":"wp","href":"https:\/\/api.w.org\/{rel}","templated":true}]}}